{"id":1064,"date":"2023-11-01T14:31:15","date_gmt":"2023-11-01T13:31:15","guid":{"rendered":"https:\/\/rikkevoldsgaard.dk\/om-os\/"},"modified":"2025-01-23T11:11:15","modified_gmt":"2025-01-23T10:11:15","slug":"om","status":"publish","type":"page","link":"https:\/\/rikkevoldsgaard.dk\/en\/om\/","title":{"rendered":"About"},"content":{"rendered":"<div data-elementor-type=\"wp-post\" data-elementor-id=\"1064\" class=\"elementor elementor-1064\" data-elementor-post-type=\"page\">\n\t\t\t\t<div class=\"elementor-element elementor-element-3f47cae e-flex e-con-boxed e-con e-parent\" data-id=\"3f47cae\" data-element_type=\"container\" data-e-type=\"container\" data-settings=\"{&quot;background_background&quot;:&quot;classic&quot;}\">\n\t\t\t\t\t<div class=\"e-con-inner\">\n\t\t\t\t\t<\/div>\n\t\t\t\t<\/div>\n\t\t<div class=\"elementor-element elementor-element-421190f e-flex e-con-boxed e-con e-parent\" data-id=\"421190f\" data-element_type=\"container\" data-e-type=\"container\" data-settings=\"{&quot;background_background&quot;:&quot;classic&quot;}\">\n\t\t\t\t\t<div class=\"e-con-inner\">\n\t\t<div class=\"elementor-element elementor-element-c040eba e-con-full e-flex e-con e-child\" data-id=\"c040eba\" data-element_type=\"container\" data-e-type=\"container\" data-settings=\"{&quot;background_background&quot;:&quot;classic&quot;}\">\n\t\t\t\t<\/div>\n\t\t<div class=\"elementor-element elementor-element-f38f2ce e-con-full e-flex e-con e-child\" data-id=\"f38f2ce\" data-element_type=\"container\" data-e-type=\"container\">\n\t\t\t\t<div class=\"elementor-element elementor-element-44d6a0e elementor-widget elementor-widget-heading\" data-id=\"44d6a0e\" data-element_type=\"widget\" data-e-type=\"widget\" data-widget_type=\"heading.default\">\n\t\t\t\t<div class=\"elementor-widget-container\">\n\t\t\t\t\t<h6 class=\"elementor-heading-title elementor-size-default\">About<\/h6>\t\t\t\t<\/div>\n\t\t\t\t<\/div>\n\t\t\t\t<div class=\"elementor-element elementor-element-06bd076 elementor-widget-divider--view-line elementor-widget elementor-widget-divider\" data-id=\"06bd076\" data-element_type=\"widget\" data-e-type=\"widget\" data-widget_type=\"divider.default\">\n\t\t\t\t<div class=\"elementor-widget-container\">\n\t\t\t\t\t\t\t<div class=\"elementor-divider\">\n\t\t\t<span class=\"elementor-divider-separator\">\n\t\t\t\t\t\t<\/span>\n\t\t<\/div>\n\t\t\t\t\t\t<\/div>\n\t\t\t\t<\/div>\n\t\t\t\t<div class=\"elementor-element elementor-element-08c2a69 elementor-widget elementor-widget-heading\" data-id=\"08c2a69\" data-element_type=\"widget\" data-e-type=\"widget\" data-widget_type=\"heading.default\">\n\t\t\t\t<div class=\"elementor-widget-container\">\n\t\t\t\t\t<h2 class=\"elementor-heading-title elementor-size-default\">Rikke Voldsgaard<\/h2>\t\t\t\t<\/div>\n\t\t\t\t<\/div>\n\t\t\t\t<div class=\"elementor-element elementor-element-4f187ea elementor-widget elementor-widget-text-editor\" data-id=\"4f187ea\" data-element_type=\"widget\" data-e-type=\"widget\" data-widget_type=\"text-editor.default\">\n\t\t\t\t<div class=\"elementor-widget-container\">\n\t\t\t\t\t\t\t\t\t<p>With a strong foundation in leadership, psychology, and personal development, I offer targeted Executive Coaching programs for senior executives and key employees in knowledge-intensive companies. My expertise is built on many years of experience across disciplines, providing me with a holistic and professional approach to coaching.<\/p><p>I design tailored programs that empower individuals to handle complex challenges, promote personal and professional growth, and achieve success at both organizational and individual levels.<\/p><p>My focus is to support you as a leader or key employee in achieving strategic clarity, strengthening your authentic leadership, and creating a better balance between the professional and personal aspects of your life. Together, we work to create results that make a meaningful difference for both your organization and you as an individual\u2014helping you find purpose and direction in both your work and personal life.<\/p>\t\t\t\t\t\t\t\t<\/div>\n\t\t\t\t<\/div>\n\t\t\t\t<\/div>\n\t\t\t\t\t<\/div>\n\t\t\t\t<\/div>\n\t\t<div class=\"elementor-element elementor-element-6613089 e-flex e-con-boxed e-con e-parent\" data-id=\"6613089\" data-element_type=\"container\" data-e-type=\"container\" data-settings=\"{&quot;background_background&quot;:&quot;classic&quot;}\">\n\t\t\t\t\t<div class=\"e-con-inner\">\n\t\t<div class=\"elementor-element elementor-element-fb06f57 e-con-full e-flex e-con e-child\" data-id=\"fb06f57\" data-element_type=\"container\" data-e-type=\"container\">\n\t\t\t\t<div class=\"elementor-element elementor-element-c9e22aa elementor-widget elementor-widget-heading\" data-id=\"c9e22aa\" data-element_type=\"widget\" data-e-type=\"widget\" data-widget_type=\"heading.default\">\n\t\t\t\t<div class=\"elementor-widget-container\">\n\t\t\t\t\t<h6 class=\"elementor-heading-title elementor-size-default\">CV<\/h6>\t\t\t\t<\/div>\n\t\t\t\t<\/div>\n\t\t\t\t<div class=\"elementor-element elementor-element-6614a6a elementor-widget-divider--view-line elementor-widget elementor-widget-divider\" data-id=\"6614a6a\" data-element_type=\"widget\" data-e-type=\"widget\" data-widget_type=\"divider.default\">\n\t\t\t\t<div class=\"elementor-widget-container\">\n\t\t\t\t\t\t\t<div class=\"elementor-divider\">\n\t\t\t<span class=\"elementor-divider-separator\">\n\t\t\t\t\t\t<\/span>\n\t\t<\/div>\n\t\t\t\t\t\t<\/div>\n\t\t\t\t<\/div>\n\t\t\t\t<\/div>\n\t\t<div class=\"elementor-element elementor-element-81a9cad e-con-full e-flex e-con e-child\" data-id=\"81a9cad\" data-element_type=\"container\" data-e-type=\"container\">\n\t\t<div class=\"elementor-element elementor-element-27e32a5 e-con-full e-flex e-con e-child\" data-id=\"27e32a5\" data-element_type=\"container\" data-e-type=\"container\">\n\t\t<div class=\"elementor-element elementor-element-795fd70 e-con-full e-flex e-con e-child\" data-id=\"795fd70\" data-element_type=\"container\" data-e-type=\"container\">\n\t\t\t\t<div class=\"elementor-element elementor-element-8463b01 elementor-icon-list--layout-traditional elementor-list-item-link-full_width elementor-widget elementor-widget-icon-list\" data-id=\"8463b01\" data-element_type=\"widget\" data-e-type=\"widget\" data-widget_type=\"icon-list.default\">\n\t\t\t\t<div class=\"elementor-widget-container\">\n\t\t\t\t\t\t\t<ul class=\"elementor-icon-list-items\">\n\t\t\t\t\t\t\t<li class=\"elementor-icon-list-item\">\n\t\t\t\t\t\t\t\t\t\t\t<span class=\"elementor-icon-list-icon\">\n\t\t\t\t\t\t\t<i aria-hidden=\"true\" class=\"fas fa-circle\"><\/i>\t\t\t\t\t\t<\/span>\n\t\t\t\t\t\t\t\t\t\t<span class=\"elementor-icon-list-text\"><b>HR Director | 10+ years of experience<\/b><br> Key figure in scaling a tech startup from 10 to 220 employees. Experienced in investment rounds, turnarounds, and leadership in an international work environment encompassing over 25 different cultures. Specialized in strategic HR, growth leadership, and organizational transformation.<\/br><\/span>\n\t\t\t\t\t\t\t\t\t<\/li>\n\t\t\t\t\t\t\t\t<li class=\"elementor-icon-list-item\">\n\t\t\t\t\t\t\t\t\t\t\t<span class=\"elementor-icon-list-icon\">\n\t\t\t\t\t\t\t<i aria-hidden=\"true\" class=\"fas fa-circle\"><\/i>\t\t\t\t\t\t<\/span>\n\t\t\t\t\t\t\t\t\t\t<span class=\"elementor-icon-list-text\"><b>Executive Coach | 15 Years of experience<\/b><br>Specialized in crisis management and personal development. Supports leaders and key employees in achieving strength and clarity during challenging life situations through strategic coaching and psychological insights.<\/br><\/span>\n\t\t\t\t\t\t\t\t\t<\/li>\n\t\t\t\t\t\t\t\t<li class=\"elementor-icon-list-item\">\n\t\t\t\t\t\t\t\t\t\t\t<span class=\"elementor-icon-list-icon\">\n\t\t\t\t\t\t\t<i aria-hidden=\"true\" class=\"fas fa-circle\"><\/i>\t\t\t\t\t\t<\/span>\n\t\t\t\t\t\t\t\t\t\t<span class=\"elementor-icon-list-text\"><b>Educational Psychological Consultant | 5 Years of experience<\/b><br>Provided support to leaders and staff in pedagogical development. Worked with children, youth, and families in life crises, focusing on creating lasting change and strengthening relationships.<\/br><\/span>\n\t\t\t\t\t\t\t\t\t<\/li>\n\t\t\t\t\t\t<\/ul>\n\t\t\t\t\t\t<\/div>\n\t\t\t\t<\/div>\n\t\t\t\t<\/div>\n\t\t\t\t<\/div>\n\t\t<div class=\"elementor-element elementor-element-03f13c2 e-con-full e-flex e-con e-child\" data-id=\"03f13c2\" data-element_type=\"container\" data-e-type=\"container\">\n\t\t\t\t<div class=\"elementor-element elementor-element-f9ccb11 elementor-icon-list--layout-traditional elementor-list-item-link-full_width elementor-widget elementor-widget-icon-list\" data-id=\"f9ccb11\" data-element_type=\"widget\" data-e-type=\"widget\" data-widget_type=\"icon-list.default\">\n\t\t\t\t<div class=\"elementor-widget-container\">\n\t\t\t\t\t\t\t<ul class=\"elementor-icon-list-items\">\n\t\t\t\t\t\t\t<li class=\"elementor-icon-list-item\">\n\t\t\t\t\t\t\t\t\t\t\t<span class=\"elementor-icon-list-icon\">\n\t\t\t\t\t\t\t<i aria-hidden=\"true\" class=\"fas fa-circle\"><\/i>\t\t\t\t\t\t<\/span>\n\t\t\t\t\t\t\t\t\t\t<span class=\"elementor-icon-list-text\"><b>Parforholdscoach &amp; Sexolog | 10+ \u00e5rs erfaring<\/b><br>Specialized in \"the individual within the relationship\"\u2014helping clients maintain their own values and dreams within a partnership. Focused on strengthening relationships and personal development in intimate contexts.<\/br><\/span>\n\t\t\t\t\t\t\t\t\t<\/li>\n\t\t\t\t\t\t\t\t<li class=\"elementor-icon-list-item\">\n\t\t\t\t\t\t\t\t\t\t\t<span class=\"elementor-icon-list-icon\">\n\t\t\t\t\t\t\t<i aria-hidden=\"true\" class=\"fas fa-circle\"><\/i>\t\t\t\t\t\t<\/span>\n\t\t\t\t\t\t\t\t\t\t<span class=\"elementor-icon-list-text\"><b>Metacognitive Therapist | 6 Years of experience<\/b><br>Helps clients achieve control over thoughts and emotions to enhance mental well-being and create lasting life balance.<\/br><\/span>\n\t\t\t\t\t\t\t\t\t<\/li>\n\t\t\t\t\t\t\t\t<li class=\"elementor-icon-list-item\">\n\t\t\t\t\t\t\t\t\t\t\t<span class=\"elementor-icon-list-icon\">\n\t\t\t\t\t\t\t<i aria-hidden=\"true\" class=\"fas fa-circle\"><\/i>\t\t\t\t\t\t<\/span>\n\t\t\t\t\t\t\t\t\t\t<span class=\"elementor-icon-list-text\"><b>MSc.\/BSc. Psychology (ongoing)<\/b><br>Integrates the latest psychological theories and methods into Executive Coaching programs to ensure evidence-based support and development.<\/br><\/span>\n\t\t\t\t\t\t\t\t\t<\/li>\n\t\t\t\t\t\t<\/ul>\n\t\t\t\t\t\t<\/div>\n\t\t\t\t<\/div>\n\t\t\t\t<\/div>\n\t\t\t\t<\/div>\n\t\t\t\t\t<\/div>\n\t\t\t\t<\/div>\n\t\t\t\t<\/div>","protected":false},"excerpt":{"rendered":"<p>Om Rikke Voldsgaard Med en solid baggrund i ledelse, psykologi og personlig udvikling tilbyder jeg m\u00e5lrettede Executive Coaching-forl\u00f8b til topledere og n\u00f8glemedarbejdere i videnstunge virksomheder. Min ekspertise er skabt gennem mange \u00e5rs erfaring p\u00e5 tv\u00e6rs af discipliner, hvilket giver mig en helhedsorienteret og professionel tilgang til coaching. Jeg designer skr\u00e6ddersyede forl\u00f8b, der styrker mennekser til [&hellip;]<\/p>\n","protected":false},"author":1,"featured_media":0,"parent":0,"menu_order":0,"comment_status":"closed","ping_status":"closed","template":"","meta":{"_acf_changed":false,"footnotes":""},"class_list":["post-1064","page","type-page","status-publish","hentry"],"acf":[],"yoast_head":"<!-- This site is optimized with the Yoast SEO plugin v27.4 - https:\/\/yoast.com\/product\/yoast-seo-wordpress\/ -->\n<title>Om - Rikke Voldsgaard<\/title>\n<meta name=\"robots\" content=\"index, follow, max-snippet:-1, max-image-preview:large, max-video-preview:-1\" \/>\n<link rel=\"canonical\" href=\"https:\/\/rikkevoldsgaard.dk\/en\/om\/\" \/>\n<meta property=\"og:locale\" content=\"en_GB\" \/>\n<meta property=\"og:type\" content=\"article\" \/>\n<meta property=\"og:title\" content=\"Om - Rikke Voldsgaard\" \/>\n<meta property=\"og:description\" content=\"Om Rikke Voldsgaard Med en solid baggrund i ledelse, psykologi og personlig udvikling tilbyder jeg m\u00e5lrettede Executive Coaching-forl\u00f8b til topledere og n\u00f8glemedarbejdere i videnstunge virksomheder. Min ekspertise er skabt gennem mange \u00e5rs erfaring p\u00e5 tv\u00e6rs af discipliner, hvilket giver mig en helhedsorienteret og professionel tilgang til coaching. Jeg designer skr\u00e6ddersyede forl\u00f8b, der styrker mennekser til [&hellip;]\" \/>\n<meta property=\"og:url\" content=\"https:\/\/rikkevoldsgaard.dk\/en\/om\/\" \/>\n<meta property=\"og:site_name\" content=\"Rikke Voldsgaard\" \/>\n<meta property=\"article:modified_time\" content=\"2025-01-23T10:11:15+00:00\" \/>\n<meta name=\"twitter:card\" content=\"summary_large_image\" \/>\n<meta name=\"twitter:label1\" content=\"Estimated reading time\" \/>\n\t<meta name=\"twitter:data1\" content=\"2 minutes\" \/>\n<script type=\"application\/ld+json\" class=\"yoast-schema-graph\">{\"@context\":\"https:\\\/\\\/schema.org\",\"@graph\":[{\"@type\":\"WebPage\",\"@id\":\"https:\\\/\\\/rikkevoldsgaard.dk\\\/om\\\/\",\"url\":\"https:\\\/\\\/rikkevoldsgaard.dk\\\/om\\\/\",\"name\":\"Om - Rikke Voldsgaard\",\"isPartOf\":{\"@id\":\"https:\\\/\\\/rikkevoldsgaard.dk\\\/#website\"},\"datePublished\":\"2023-11-01T13:31:15+00:00\",\"dateModified\":\"2025-01-23T10:11:15+00:00\",\"inLanguage\":\"en-GB\",\"potentialAction\":[{\"@type\":\"ReadAction\",\"target\":[\"https:\\\/\\\/rikkevoldsgaard.dk\\\/om\\\/\"]}]},{\"@type\":\"WebSite\",\"@id\":\"https:\\\/\\\/rikkevoldsgaard.dk\\\/#website\",\"url\":\"https:\\\/\\\/rikkevoldsgaard.dk\\\/\",\"name\":\"Rikke Voldsgaard\",\"description\":\"\",\"publisher\":{\"@id\":\"https:\\\/\\\/rikkevoldsgaard.dk\\\/#organization\"},\"potentialAction\":[{\"@type\":\"SearchAction\",\"target\":{\"@type\":\"EntryPoint\",\"urlTemplate\":\"https:\\\/\\\/rikkevoldsgaard.dk\\\/?s={search_term_string}\"},\"query-input\":{\"@type\":\"PropertyValueSpecification\",\"valueRequired\":true,\"valueName\":\"search_term_string\"}}],\"inLanguage\":\"en-GB\"},{\"@type\":\"Organization\",\"@id\":\"https:\\\/\\\/rikkevoldsgaard.dk\\\/#organization\",\"name\":\"Rikke Voldsgaard\",\"url\":\"https:\\\/\\\/rikkevoldsgaard.dk\\\/\",\"logo\":{\"@type\":\"ImageObject\",\"inLanguage\":\"en-GB\",\"@id\":\"https:\\\/\\\/rikkevoldsgaard.dk\\\/#\\\/schema\\\/logo\\\/image\\\/\",\"url\":\"https:\\\/\\\/rikkevoldsgaard.dk\\\/wp-content\\\/uploads\\\/ny_Primaer-logo-hvid_web-e1730205615298.png\",\"contentUrl\":\"https:\\\/\\\/rikkevoldsgaard.dk\\\/wp-content\\\/uploads\\\/ny_Primaer-logo-hvid_web-e1730205615298.png\",\"width\":581,\"height\":170,\"caption\":\"Rikke Voldsgaard\"},\"image\":{\"@id\":\"https:\\\/\\\/rikkevoldsgaard.dk\\\/#\\\/schema\\\/logo\\\/image\\\/\"}}]}<\/script>\n<!-- \/ Yoast SEO plugin. -->","yoast_head_json":{"title":"Om - Rikke Voldsgaard","robots":{"index":"index","follow":"follow","max-snippet":"max-snippet:-1","max-image-preview":"max-image-preview:large","max-video-preview":"max-video-preview:-1"},"canonical":"https:\/\/rikkevoldsgaard.dk\/en\/om\/","og_locale":"en_GB","og_type":"article","og_title":"Om - Rikke Voldsgaard","og_description":"Om Rikke Voldsgaard Med en solid baggrund i ledelse, psykologi og personlig udvikling tilbyder jeg m\u00e5lrettede Executive Coaching-forl\u00f8b til topledere og n\u00f8glemedarbejdere i videnstunge virksomheder. Min ekspertise er skabt gennem mange \u00e5rs erfaring p\u00e5 tv\u00e6rs af discipliner, hvilket giver mig en helhedsorienteret og professionel tilgang til coaching. Jeg designer skr\u00e6ddersyede forl\u00f8b, der styrker mennekser til [&hellip;]","og_url":"https:\/\/rikkevoldsgaard.dk\/en\/om\/","og_site_name":"Rikke Voldsgaard","article_modified_time":"2025-01-23T10:11:15+00:00","twitter_card":"summary_large_image","twitter_misc":{"Estimated reading time":"2 minutes"},"schema":{"@context":"https:\/\/schema.org","@graph":[{"@type":"WebPage","@id":"https:\/\/rikkevoldsgaard.dk\/om\/","url":"https:\/\/rikkevoldsgaard.dk\/om\/","name":"Om - Rikke Voldsgaard","isPartOf":{"@id":"https:\/\/rikkevoldsgaard.dk\/#website"},"datePublished":"2023-11-01T13:31:15+00:00","dateModified":"2025-01-23T10:11:15+00:00","inLanguage":"en-GB","potentialAction":[{"@type":"ReadAction","target":["https:\/\/rikkevoldsgaard.dk\/om\/"]}]},{"@type":"WebSite","@id":"https:\/\/rikkevoldsgaard.dk\/#website","url":"https:\/\/rikkevoldsgaard.dk\/","name":"Rikke Voldsgaard","description":"","publisher":{"@id":"https:\/\/rikkevoldsgaard.dk\/#organization"},"potentialAction":[{"@type":"SearchAction","target":{"@type":"EntryPoint","urlTemplate":"https:\/\/rikkevoldsgaard.dk\/?s={search_term_string}"},"query-input":{"@type":"PropertyValueSpecification","valueRequired":true,"valueName":"search_term_string"}}],"inLanguage":"en-GB"},{"@type":"Organization","@id":"https:\/\/rikkevoldsgaard.dk\/#organization","name":"Rikke Voldsgaard","url":"https:\/\/rikkevoldsgaard.dk\/","logo":{"@type":"ImageObject","inLanguage":"en-GB","@id":"https:\/\/rikkevoldsgaard.dk\/#\/schema\/logo\/image\/","url":"https:\/\/rikkevoldsgaard.dk\/wp-content\/uploads\/ny_Primaer-logo-hvid_web-e1730205615298.png","contentUrl":"https:\/\/rikkevoldsgaard.dk\/wp-content\/uploads\/ny_Primaer-logo-hvid_web-e1730205615298.png","width":581,"height":170,"caption":"Rikke Voldsgaard"},"image":{"@id":"https:\/\/rikkevoldsgaard.dk\/#\/schema\/logo\/image\/"}}]}},"_links":{"self":[{"href":"https:\/\/rikkevoldsgaard.dk\/en\/wp-json\/wp\/v2\/pages\/1064","targetHints":{"allow":["GET"]}}],"collection":[{"href":"https:\/\/rikkevoldsgaard.dk\/en\/wp-json\/wp\/v2\/pages"}],"about":[{"href":"https:\/\/rikkevoldsgaard.dk\/en\/wp-json\/wp\/v2\/types\/page"}],"author":[{"embeddable":true,"href":"https:\/\/rikkevoldsgaard.dk\/en\/wp-json\/wp\/v2\/users\/1"}],"replies":[{"embeddable":true,"href":"https:\/\/rikkevoldsgaard.dk\/en\/wp-json\/wp\/v2\/comments?post=1064"}],"version-history":[{"count":20,"href":"https:\/\/rikkevoldsgaard.dk\/en\/wp-json\/wp\/v2\/pages\/1064\/revisions"}],"predecessor-version":[{"id":2527,"href":"https:\/\/rikkevoldsgaard.dk\/en\/wp-json\/wp\/v2\/pages\/1064\/revisions\/2527"}],"wp:attachment":[{"href":"https:\/\/rikkevoldsgaard.dk\/en\/wp-json\/wp\/v2\/media?parent=1064"}],"curies":[{"name":"wp","href":"https:\/\/api.w.org\/{rel}","templated":true}]}}