{"id":1088,"date":"2023-11-01T14:31:17","date_gmt":"2023-11-01T13:31:17","guid":{"rendered":"https:\/\/rikkevoldsgaard.dk\/kontakt\/"},"modified":"2025-01-29T08:40:27","modified_gmt":"2025-01-29T07:40:27","slug":"kontakt","status":"publish","type":"page","link":"https:\/\/rikkevoldsgaard.dk\/en\/kontakt\/","title":{"rendered":"Contact"},"content":{"rendered":"\t\t<div data-elementor-type=\"wp-post\" data-elementor-id=\"1088\" class=\"elementor elementor-1088\" data-elementor-post-type=\"page\">\n\t\t\t\t<div class=\"elementor-element elementor-element-f9dc789 e-flex e-con-boxed e-con e-parent\" data-id=\"f9dc789\" data-element_type=\"container\" data-e-type=\"container\" data-settings=\"{&quot;background_background&quot;:&quot;classic&quot;}\">\n\t\t\t\t\t<div class=\"e-con-inner\">\n\t\t\t\t\t<\/div>\n\t\t\t\t<\/div>\n\t\t<div class=\"elementor-element elementor-element-3a38858f e-flex e-con-boxed e-con e-parent\" data-id=\"3a38858f\" data-element_type=\"container\" data-e-type=\"container\" data-settings=\"{&quot;background_background&quot;:&quot;classic&quot;}\">\n\t\t\t\t\t<div class=\"e-con-inner\">\n\t\t<div class=\"elementor-element elementor-element-558db126 e-con-full e-flex e-con e-child\" data-id=\"558db126\" data-element_type=\"container\" data-e-type=\"container\" data-settings=\"{&quot;background_background&quot;:&quot;classic&quot;}\">\n\t\t<div class=\"elementor-element elementor-element-6c23915 e-con-full e-flex e-con e-child\" data-id=\"6c23915\" data-element_type=\"container\" data-e-type=\"container\">\n\t\t\t\t<div class=\"elementor-element elementor-element-0a0164d elementor-widget elementor-widget-image\" data-id=\"0a0164d\" data-element_type=\"widget\" data-e-type=\"widget\" data-widget_type=\"image.default\">\n\t\t\t\t<div class=\"elementor-widget-container\">\n\t\t\t\t\t\t\t\t\t\t\t\t\t\t\t<img fetchpriority=\"high\" decoding=\"async\" width=\"2048\" height=\"1365\" src=\"https:\/\/rikkevoldsgaard.dk\/wp-content\/uploads\/K8A9648-8-scaled.jpg\" class=\"attachment-full size-full wp-image-2382\" alt=\"\" srcset=\"https:\/\/rikkevoldsgaard.dk\/wp-content\/uploads\/K8A9648-8-scaled.jpg 2048w, https:\/\/rikkevoldsgaard.dk\/wp-content\/uploads\/K8A9648-8-300x200.jpg 300w, https:\/\/rikkevoldsgaard.dk\/wp-content\/uploads\/K8A9648-8-1024x683.jpg 1024w, https:\/\/rikkevoldsgaard.dk\/wp-content\/uploads\/K8A9648-8-768x512.jpg 768w, https:\/\/rikkevoldsgaard.dk\/wp-content\/uploads\/K8A9648-8-1536x1024.jpg 1536w, https:\/\/rikkevoldsgaard.dk\/wp-content\/uploads\/K8A9648-8-18x12.jpg 18w\" sizes=\"(max-width: 2048px) 100vw, 2048px\" \/>\t\t\t\t\t\t\t\t\t\t\t\t\t\t\t<\/div>\n\t\t\t\t<\/div>\n\t\t\t\t<\/div>\n\t\t<div class=\"elementor-element elementor-element-b4433b2 e-con-full e-flex e-con e-child\" data-id=\"b4433b2\" data-element_type=\"container\" data-e-type=\"container\">\n\t\t\t\t<div class=\"elementor-element elementor-element-d29db14 elementor-widget elementor-widget-heading\" data-id=\"d29db14\" data-element_type=\"widget\" data-e-type=\"widget\" data-widget_type=\"heading.default\">\n\t\t\t\t<div class=\"elementor-widget-container\">\n\t\t\t\t\t<h3 class=\"elementor-heading-title elementor-size-default\">Rikke Voldsgaard<\/h3>\t\t\t\t<\/div>\n\t\t\t\t<\/div>\n\t\t\t\t<div class=\"elementor-element elementor-element-3179c78 elementor-widget-divider--view-line elementor-widget elementor-widget-divider\" data-id=\"3179c78\" data-element_type=\"widget\" data-e-type=\"widget\" data-widget_type=\"divider.default\">\n\t\t\t\t<div class=\"elementor-widget-container\">\n\t\t\t\t\t\t\t<div class=\"elementor-divider\">\n\t\t\t<span class=\"elementor-divider-separator\">\n\t\t\t\t\t\t<\/span>\n\t\t<\/div>\n\t\t\t\t\t\t<\/div>\n\t\t\t\t<\/div>\n\t\t\t\t<div class=\"elementor-element elementor-element-2253211 elementor-align-start elementor-mobile-align-start elementor-icon-list--layout-inline elementor-list-item-link-full_width elementor-widget elementor-widget-icon-list\" data-id=\"2253211\" data-element_type=\"widget\" data-e-type=\"widget\" data-widget_type=\"icon-list.default\">\n\t\t\t\t<div class=\"elementor-widget-container\">\n\t\t\t\t\t\t\t<ul class=\"elementor-icon-list-items elementor-inline-items\">\n\t\t\t\t\t\t\t<li class=\"elementor-icon-list-item elementor-inline-item\">\n\t\t\t\t\t\t\t\t\t\t\t<a href=\"tel:+4560553659\">\n\n\t\t\t\t\t\t\t\t\t\t\t\t<span class=\"elementor-icon-list-icon\">\n\t\t\t\t\t\t\t<i aria-hidden=\"true\" class=\"fas fa-phone\"><\/i>\t\t\t\t\t\t<\/span>\n\t\t\t\t\t\t\t\t\t\t<span class=\"elementor-icon-list-text\">+45 60 55 36 59<\/span>\n\t\t\t\t\t\t\t\t\t\t\t<\/a>\n\t\t\t\t\t\t\t\t\t<\/li>\n\t\t\t\t\t\t\t\t<li class=\"elementor-icon-list-item elementor-inline-item\">\n\t\t\t\t\t\t\t\t\t\t\t<a href=\"mailto:rvr@lul-holding.com\">\n\n\t\t\t\t\t\t\t\t\t\t\t\t<span class=\"elementor-icon-list-icon\">\n\t\t\t\t\t\t\t<i aria-hidden=\"true\" class=\"fas fa-envelope\"><\/i>\t\t\t\t\t\t<\/span>\n\t\t\t\t\t\t\t\t\t\t<span class=\"elementor-icon-list-text\">rvr@lul-holding.com<\/span>\n\t\t\t\t\t\t\t\t\t\t\t<\/a>\n\t\t\t\t\t\t\t\t\t<\/li>\n\t\t\t\t\t\t<\/ul>\n\t\t\t\t\t\t<\/div>\n\t\t\t\t<\/div>\n\t\t\t\t<\/div>\n\t\t\t\t<\/div>\n\t\t<div class=\"elementor-element elementor-element-7870ffe6 e-con-full e-flex e-con e-child\" data-id=\"7870ffe6\" data-element_type=\"container\" data-e-type=\"container\">\n\t\t\t\t<div class=\"elementor-element elementor-element-65060986 elementor-widget elementor-widget-heading\" data-id=\"65060986\" data-element_type=\"widget\" data-e-type=\"widget\" data-widget_type=\"heading.default\">\n\t\t\t\t<div class=\"elementor-widget-container\">\n\t\t\t\t\t<h2 class=\"elementor-heading-title elementor-size-default\">Har du sp\u00f8rgsm\u00e5l?<\/h2>\t\t\t\t<\/div>\n\t\t\t\t<\/div>\n\t\t\t\t<div class=\"elementor-element elementor-element-73a674f elementor-widget elementor-widget-text-editor\" data-id=\"73a674f\" data-element_type=\"widget\" data-e-type=\"widget\" data-widget_type=\"text-editor.default\">\n\t\t\t\t<div class=\"elementor-widget-container\">\n\t\t\t\t\t\t\t\t\t<p><span style=\"font-weight: 400;\">Har du sp\u00f8rgsm\u00e5l, eller \u00f8nsker du at h\u00f8re mere om, hvordan jeg kan hj\u00e6lpe dig og\/eller din organisation? Du er altid velkommen til at kontakte mig for en uforpligtende samtale om mulighederne for skr\u00e6ddersyet executive coachingforl\u00f8b.<\/span><\/p>\t\t\t\t\t\t\t\t<\/div>\n\t\t\t\t<\/div>\n\t\t\t\t<div class=\"elementor-element elementor-element-53ae5570 elementor-mobile-button-align-stretch elementor-button-align-stretch elementor-widget elementor-widget-form\" data-id=\"53ae5570\" data-element_type=\"widget\" data-e-type=\"widget\" data-settings=\"{&quot;step_next_label&quot;:&quot;N\\u00e6ste&quot;,&quot;step_previous_label&quot;:&quot;Tidligere&quot;,&quot;button_width&quot;:&quot;100&quot;,&quot;step_type&quot;:&quot;number_text&quot;,&quot;step_icon_shape&quot;:&quot;circle&quot;}\" data-widget_type=\"form.default\">\n\t\t\t\t<div class=\"elementor-widget-container\">\n\t\t\t\t\t\t\t<form class=\"elementor-form\" method=\"post\" name=\"Ny formular\" aria-label=\"Ny formular\">\n\t\t\t<input type=\"hidden\" name=\"post_id\" value=\"1088\"\/>\n\t\t\t<input type=\"hidden\" name=\"form_id\" value=\"53ae5570\"\/>\n\t\t\t<input type=\"hidden\" name=\"referer_title\" value=\"Rikke Voldsgaard\" \/>\n\n\t\t\t\n\t\t\t<div class=\"elementor-form-fields-wrapper elementor-labels-\">\n\t\t\t\t\t\t\t\t<div class=\"elementor-field-type-text elementor-field-group elementor-column elementor-field-group-name elementor-col-100\">\n\t\t\t\t\t\t\t\t\t\t\t\t<label for=\"form-field-name\" class=\"elementor-field-label elementor-screen-only\">\n\t\t\t\t\t\t\t\tNavn\t\t\t\t\t\t\t<\/label>\n\t\t\t\t\t\t\t\t\t\t\t\t\t\t<input size=\"1\" type=\"text\" name=\"form_fields[name]\" id=\"form-field-name\" class=\"elementor-field elementor-size-sm  elementor-field-textual\" placeholder=\"Navn\">\n\t\t\t\t\t\t\t\t\t\t\t<\/div>\n\t\t\t\t\t\t\t\t<div class=\"elementor-field-type-email elementor-field-group elementor-column elementor-field-group-email elementor-col-100 elementor-field-required\">\n\t\t\t\t\t\t\t\t\t\t\t\t<label for=\"form-field-email\" class=\"elementor-field-label elementor-screen-only\">\n\t\t\t\t\t\t\t\tE-mail\t\t\t\t\t\t\t<\/label>\n\t\t\t\t\t\t\t\t\t\t\t\t\t\t<input size=\"1\" type=\"email\" name=\"form_fields[email]\" id=\"form-field-email\" class=\"elementor-field elementor-size-sm  elementor-field-textual\" placeholder=\"E-mail\" required=\"required\">\n\t\t\t\t\t\t\t\t\t\t\t<\/div>\n\t\t\t\t\t\t\t\t<div class=\"elementor-field-type-tel elementor-field-group elementor-column elementor-field-group-phone elementor-col-100\">\n\t\t\t\t\t\t\t\t\t\t\t\t<label for=\"form-field-phone\" class=\"elementor-field-label elementor-screen-only\">\n\t\t\t\t\t\t\t\tTelefon\t\t\t\t\t\t\t<\/label>\n\t\t\t\t\t\t\t\t<input size=\"1\" type=\"tel\" name=\"form_fields[phone]\" id=\"form-field-phone\" class=\"elementor-field elementor-size-sm  elementor-field-textual\" placeholder=\"Telefon\" pattern=\"[0-9()#&amp;+*-=.]+\" title=\"Only numbers and phone characters (#, -, *, etc) are accepted.\">\n\n\t\t\t\t\t\t<\/div>\n\t\t\t\t\t\t\t\t<div class=\"elementor-field-type-textarea elementor-field-group elementor-column elementor-field-group-message elementor-col-100\">\n\t\t\t\t\t\t\t\t\t\t\t\t<label for=\"form-field-message\" class=\"elementor-field-label elementor-screen-only\">\n\t\t\t\t\t\t\t\tMeddelelse\t\t\t\t\t\t\t<\/label>\n\t\t\t\t\t\t<textarea class=\"elementor-field-textual elementor-field  elementor-size-sm\" name=\"form_fields[message]\" id=\"form-field-message\" rows=\"6\" placeholder=\"Meddelelse\"><\/textarea>\t\t\t\t<\/div>\n\t\t\t\t\t\t\t\t<div class=\"elementor-field-type-text\">\n\t\t\t\t\t<input size=\"1\" type=\"text\" name=\"form_fields[honeypot]\" id=\"form-field-honeypot\" class=\"elementor-field elementor-size-sm \" style=\"display:none !important;\">\t\t\t\t<\/div>\n\t\t\t\t\t\t\t\t<div class=\"elementor-field-group elementor-column elementor-field-type-submit elementor-col-100 e-form__buttons\">\n\t\t\t\t\t<button class=\"elementor-button elementor-size-sm\" type=\"submit\">\n\t\t\t\t\t\t<span class=\"elementor-button-content-wrapper\">\n\t\t\t\t\t\t\t\t\t\t\t\t\t\t\t\t\t\t\t\t\t\t<span class=\"elementor-button-text\">Send<\/span>\n\t\t\t\t\t\t\t\t\t\t\t\t\t<\/span>\n\t\t\t\t\t<\/button>\n\t\t\t\t<\/div>\n\t\t\t<\/div>\n\t\t<\/form>\n\t\t\t\t\t\t<\/div>\n\t\t\t\t<\/div>\n\t\t\t\t<\/div>\n\t\t\t\t\t<\/div>\n\t\t\t\t<\/div>\n\t\t<div class=\"elementor-element elementor-element-bb01a92 e-flex e-con-boxed e-con e-parent\" data-id=\"bb01a92\" data-element_type=\"container\" data-e-type=\"container\">\n\t\t\t\t\t<div class=\"e-con-inner\">\n\t\t\t\t\t<\/div>\n\t\t\t\t<\/div>\n\t\t\t\t<\/div>\n\t\t","protected":false},"excerpt":{"rendered":"<p>Rikke Voldsgaard +45 60 55 36 59 rvr@lul-holding.com Har du sp\u00f8rgsm\u00e5l? Har du sp\u00f8rgsm\u00e5l, eller \u00f8nsker du at h\u00f8re mere om, hvordan jeg kan hj\u00e6lpe dig og\/eller din organisation? Du er altid velkommen til at kontakte mig for en uforpligtende samtale om mulighederne for skr\u00e6ddersyet executive coachingforl\u00f8b.<\/p>","protected":false},"author":1,"featured_media":0,"parent":0,"menu_order":0,"comment_status":"closed","ping_status":"closed","template":"","meta":{"_acf_changed":false,"footnotes":""},"class_list":["post-1088","page","type-page","status-publish","hentry"],"acf":[],"yoast_head":"<!-- This site is optimized with the Yoast SEO plugin v27.4 - https:\/\/yoast.com\/product\/yoast-seo-wordpress\/ -->\n<title>Kontakt - Rikke Voldsgaard<\/title>\n<meta name=\"robots\" content=\"index, follow, max-snippet:-1, max-image-preview:large, max-video-preview:-1\" \/>\n<link rel=\"canonical\" href=\"https:\/\/rikkevoldsgaard.dk\/en\/kontakt\/\" \/>\n<meta property=\"og:locale\" content=\"en_GB\" \/>\n<meta property=\"og:type\" content=\"article\" \/>\n<meta property=\"og:title\" content=\"Kontakt - Rikke Voldsgaard\" \/>\n<meta property=\"og:description\" content=\"Rikke Voldsgaard +45 60 55 36 59 rvr@lul-holding.com Har du sp\u00f8rgsm\u00e5l? Har du sp\u00f8rgsm\u00e5l, eller \u00f8nsker du at h\u00f8re mere om, hvordan jeg kan hj\u00e6lpe dig og\/eller din organisation? Du er altid velkommen til at kontakte mig for en uforpligtende samtale om mulighederne for skr\u00e6ddersyet executive coachingforl\u00f8b.\" \/>\n<meta property=\"og:url\" content=\"https:\/\/rikkevoldsgaard.dk\/en\/kontakt\/\" \/>\n<meta property=\"og:site_name\" content=\"Rikke Voldsgaard\" \/>\n<meta property=\"article:modified_time\" content=\"2025-01-29T07:40:27+00:00\" \/>\n<meta property=\"og:image\" content=\"https:\/\/rikkevoldsgaard.dk\/wp-content\/uploads\/K8A9648-8-scaled.jpg\" \/>\n\t<meta property=\"og:image:width\" content=\"2048\" \/>\n\t<meta property=\"og:image:height\" content=\"1365\" \/>\n\t<meta property=\"og:image:type\" content=\"image\/jpeg\" \/>\n<meta name=\"twitter:card\" content=\"summary_large_image\" \/>\n<meta name=\"twitter:label1\" content=\"Estimated reading time\" \/>\n\t<meta name=\"twitter:data1\" content=\"1 minute\" \/>\n<script type=\"application\/ld+json\" class=\"yoast-schema-graph\">{\"@context\":\"https:\\\/\\\/schema.org\",\"@graph\":[{\"@type\":\"WebPage\",\"@id\":\"https:\\\/\\\/rikkevoldsgaard.dk\\\/kontakt\\\/\",\"url\":\"https:\\\/\\\/rikkevoldsgaard.dk\\\/kontakt\\\/\",\"name\":\"Kontakt - Rikke Voldsgaard\",\"isPartOf\":{\"@id\":\"https:\\\/\\\/rikkevoldsgaard.dk\\\/#website\"},\"primaryImageOfPage\":{\"@id\":\"https:\\\/\\\/rikkevoldsgaard.dk\\\/kontakt\\\/#primaryimage\"},\"image\":{\"@id\":\"https:\\\/\\\/rikkevoldsgaard.dk\\\/kontakt\\\/#primaryimage\"},\"thumbnailUrl\":\"https:\\\/\\\/rikkevoldsgaard.dk\\\/wp-content\\\/uploads\\\/K8A9648-8-scaled.jpg\",\"datePublished\":\"2023-11-01T13:31:17+00:00\",\"dateModified\":\"2025-01-29T07:40:27+00:00\",\"inLanguage\":\"en-GB\",\"potentialAction\":[{\"@type\":\"ReadAction\",\"target\":[\"https:\\\/\\\/rikkevoldsgaard.dk\\\/kontakt\\\/\"]}]},{\"@type\":\"ImageObject\",\"inLanguage\":\"en-GB\",\"@id\":\"https:\\\/\\\/rikkevoldsgaard.dk\\\/kontakt\\\/#primaryimage\",\"url\":\"https:\\\/\\\/rikkevoldsgaard.dk\\\/wp-content\\\/uploads\\\/K8A9648-8-scaled.jpg\",\"contentUrl\":\"https:\\\/\\\/rikkevoldsgaard.dk\\\/wp-content\\\/uploads\\\/K8A9648-8-scaled.jpg\"},{\"@type\":\"WebSite\",\"@id\":\"https:\\\/\\\/rikkevoldsgaard.dk\\\/#website\",\"url\":\"https:\\\/\\\/rikkevoldsgaard.dk\\\/\",\"name\":\"Rikke Voldsgaard\",\"description\":\"\",\"publisher\":{\"@id\":\"https:\\\/\\\/rikkevoldsgaard.dk\\\/#organization\"},\"potentialAction\":[{\"@type\":\"SearchAction\",\"target\":{\"@type\":\"EntryPoint\",\"urlTemplate\":\"https:\\\/\\\/rikkevoldsgaard.dk\\\/?s={search_term_string}\"},\"query-input\":{\"@type\":\"PropertyValueSpecification\",\"valueRequired\":true,\"valueName\":\"search_term_string\"}}],\"inLanguage\":\"en-GB\"},{\"@type\":\"Organization\",\"@id\":\"https:\\\/\\\/rikkevoldsgaard.dk\\\/#organization\",\"name\":\"Rikke Voldsgaard\",\"url\":\"https:\\\/\\\/rikkevoldsgaard.dk\\\/\",\"logo\":{\"@type\":\"ImageObject\",\"inLanguage\":\"en-GB\",\"@id\":\"https:\\\/\\\/rikkevoldsgaard.dk\\\/#\\\/schema\\\/logo\\\/image\\\/\",\"url\":\"https:\\\/\\\/rikkevoldsgaard.dk\\\/wp-content\\\/uploads\\\/ny_Primaer-logo-hvid_web-e1730205615298.png\",\"contentUrl\":\"https:\\\/\\\/rikkevoldsgaard.dk\\\/wp-content\\\/uploads\\\/ny_Primaer-logo-hvid_web-e1730205615298.png\",\"width\":581,\"height\":170,\"caption\":\"Rikke Voldsgaard\"},\"image\":{\"@id\":\"https:\\\/\\\/rikkevoldsgaard.dk\\\/#\\\/schema\\\/logo\\\/image\\\/\"}}]}<\/script>\n<!-- \/ Yoast SEO plugin. -->","yoast_head_json":{"title":"Kontakt - Rikke Voldsgaard","robots":{"index":"index","follow":"follow","max-snippet":"max-snippet:-1","max-image-preview":"max-image-preview:large","max-video-preview":"max-video-preview:-1"},"canonical":"https:\/\/rikkevoldsgaard.dk\/en\/kontakt\/","og_locale":"en_GB","og_type":"article","og_title":"Kontakt - Rikke Voldsgaard","og_description":"Rikke Voldsgaard +45 60 55 36 59 rvr@lul-holding.com Har du sp\u00f8rgsm\u00e5l? Har du sp\u00f8rgsm\u00e5l, eller \u00f8nsker du at h\u00f8re mere om, hvordan jeg kan hj\u00e6lpe dig og\/eller din organisation? Du er altid velkommen til at kontakte mig for en uforpligtende samtale om mulighederne for skr\u00e6ddersyet executive coachingforl\u00f8b.","og_url":"https:\/\/rikkevoldsgaard.dk\/en\/kontakt\/","og_site_name":"Rikke Voldsgaard","article_modified_time":"2025-01-29T07:40:27+00:00","og_image":[{"width":2048,"height":1365,"url":"https:\/\/rikkevoldsgaard.dk\/wp-content\/uploads\/K8A9648-8-scaled.jpg","type":"image\/jpeg"}],"twitter_card":"summary_large_image","twitter_misc":{"Estimated reading time":"1 minute"},"schema":{"@context":"https:\/\/schema.org","@graph":[{"@type":"WebPage","@id":"https:\/\/rikkevoldsgaard.dk\/kontakt\/","url":"https:\/\/rikkevoldsgaard.dk\/kontakt\/","name":"Kontakt - Rikke Voldsgaard","isPartOf":{"@id":"https:\/\/rikkevoldsgaard.dk\/#website"},"primaryImageOfPage":{"@id":"https:\/\/rikkevoldsgaard.dk\/kontakt\/#primaryimage"},"image":{"@id":"https:\/\/rikkevoldsgaard.dk\/kontakt\/#primaryimage"},"thumbnailUrl":"https:\/\/rikkevoldsgaard.dk\/wp-content\/uploads\/K8A9648-8-scaled.jpg","datePublished":"2023-11-01T13:31:17+00:00","dateModified":"2025-01-29T07:40:27+00:00","inLanguage":"en-GB","potentialAction":[{"@type":"ReadAction","target":["https:\/\/rikkevoldsgaard.dk\/kontakt\/"]}]},{"@type":"ImageObject","inLanguage":"en-GB","@id":"https:\/\/rikkevoldsgaard.dk\/kontakt\/#primaryimage","url":"https:\/\/rikkevoldsgaard.dk\/wp-content\/uploads\/K8A9648-8-scaled.jpg","contentUrl":"https:\/\/rikkevoldsgaard.dk\/wp-content\/uploads\/K8A9648-8-scaled.jpg"},{"@type":"WebSite","@id":"https:\/\/rikkevoldsgaard.dk\/#website","url":"https:\/\/rikkevoldsgaard.dk\/","name":"Rikke Voldsgaard","description":"","publisher":{"@id":"https:\/\/rikkevoldsgaard.dk\/#organization"},"potentialAction":[{"@type":"SearchAction","target":{"@type":"EntryPoint","urlTemplate":"https:\/\/rikkevoldsgaard.dk\/?s={search_term_string}"},"query-input":{"@type":"PropertyValueSpecification","valueRequired":true,"valueName":"search_term_string"}}],"inLanguage":"en-GB"},{"@type":"Organization","@id":"https:\/\/rikkevoldsgaard.dk\/#organization","name":"Rikke Voldsgaard","url":"https:\/\/rikkevoldsgaard.dk\/","logo":{"@type":"ImageObject","inLanguage":"en-GB","@id":"https:\/\/rikkevoldsgaard.dk\/#\/schema\/logo\/image\/","url":"https:\/\/rikkevoldsgaard.dk\/wp-content\/uploads\/ny_Primaer-logo-hvid_web-e1730205615298.png","contentUrl":"https:\/\/rikkevoldsgaard.dk\/wp-content\/uploads\/ny_Primaer-logo-hvid_web-e1730205615298.png","width":581,"height":170,"caption":"Rikke Voldsgaard"},"image":{"@id":"https:\/\/rikkevoldsgaard.dk\/#\/schema\/logo\/image\/"}}]}},"_links":{"self":[{"href":"https:\/\/rikkevoldsgaard.dk\/en\/wp-json\/wp\/v2\/pages\/1088","targetHints":{"allow":["GET"]}}],"collection":[{"href":"https:\/\/rikkevoldsgaard.dk\/en\/wp-json\/wp\/v2\/pages"}],"about":[{"href":"https:\/\/rikkevoldsgaard.dk\/en\/wp-json\/wp\/v2\/types\/page"}],"author":[{"embeddable":true,"href":"https:\/\/rikkevoldsgaard.dk\/en\/wp-json\/wp\/v2\/users\/1"}],"replies":[{"embeddable":true,"href":"https:\/\/rikkevoldsgaard.dk\/en\/wp-json\/wp\/v2\/comments?post=1088"}],"version-history":[{"count":20,"href":"https:\/\/rikkevoldsgaard.dk\/en\/wp-json\/wp\/v2\/pages\/1088\/revisions"}],"predecessor-version":[{"id":2542,"href":"https:\/\/rikkevoldsgaard.dk\/en\/wp-json\/wp\/v2\/pages\/1088\/revisions\/2542"}],"wp:attachment":[{"href":"https:\/\/rikkevoldsgaard.dk\/en\/wp-json\/wp\/v2\/media?parent=1088"}],"curies":[{"name":"wp","href":"https:\/\/api.w.org\/{rel}","templated":true}]}}