{"id":1552,"date":"2024-10-28T13:55:38","date_gmt":"2024-10-28T12:55:38","guid":{"rendered":"https:\/\/rikkevoldsgaard.dk\/?page_id=1552"},"modified":"2025-01-08T10:45:29","modified_gmt":"2025-01-08T09:45:29","slug":"topleder-coaching","status":"publish","type":"page","link":"https:\/\/rikkevoldsgaard.dk\/en\/topleder-coaching\/","title":{"rendered":"C-Suite Coaching"},"content":{"rendered":"<div data-elementor-type=\"wp-page\" data-elementor-id=\"1552\" class=\"elementor elementor-1552\" data-elementor-post-type=\"page\">\n\t\t\t\t<div class=\"elementor-element elementor-element-f0b6c1b e-flex e-con-boxed e-con e-parent\" data-id=\"f0b6c1b\" data-element_type=\"container\" data-e-type=\"container\" data-settings=\"{&quot;background_background&quot;:&quot;classic&quot;}\">\n\t\t\t\t\t<div class=\"e-con-inner\">\n\t\t\t\t\t<\/div>\n\t\t\t\t<\/div>\n\t\t<div class=\"elementor-element elementor-element-ed52099 e-flex e-con-boxed e-con e-parent\" data-id=\"ed52099\" data-element_type=\"container\" data-e-type=\"container\" data-settings=\"{&quot;background_background&quot;:&quot;classic&quot;}\">\n\t\t\t\t\t<div class=\"e-con-inner\">\n\t\t<div class=\"elementor-element elementor-element-03014ce e-con-full e-flex e-con e-child\" data-id=\"03014ce\" data-element_type=\"container\" data-e-type=\"container\">\n\t\t\t\t<div class=\"elementor-element elementor-element-0f87bb0 elementor-widget elementor-widget-heading\" data-id=\"0f87bb0\" data-element_type=\"widget\" data-e-type=\"widget\" data-widget_type=\"heading.default\">\n\t\t\t\t<div class=\"elementor-widget-container\">\n\t\t\t\t\t<h6 class=\"elementor-heading-title elementor-size-default\">What<\/h6>\t\t\t\t<\/div>\n\t\t\t\t<\/div>\n\t\t\t\t<div class=\"elementor-element elementor-element-33f2ab7 elementor-widget-divider--view-line elementor-widget elementor-widget-divider\" data-id=\"33f2ab7\" data-element_type=\"widget\" data-e-type=\"widget\" data-widget_type=\"divider.default\">\n\t\t\t\t<div class=\"elementor-widget-container\">\n\t\t\t\t\t\t\t<div class=\"elementor-divider\">\n\t\t\t<span class=\"elementor-divider-separator\">\n\t\t\t\t\t\t<\/span>\n\t\t<\/div>\n\t\t\t\t\t\t<\/div>\n\t\t\t\t<\/div>\n\t\t\t\t<div class=\"elementor-element elementor-element-581ba12 elementor-widget elementor-widget-heading\" data-id=\"581ba12\" data-element_type=\"widget\" data-e-type=\"widget\" data-widget_type=\"heading.default\">\n\t\t\t\t<div class=\"elementor-widget-container\">\n\t\t\t\t\t<h2 class=\"elementor-heading-title elementor-size-default\">Development of C-Suite leaders through Executive Coaching \n<\/h2>\t\t\t\t<\/div>\n\t\t\t\t<\/div>\n\t\t\t\t<div class=\"elementor-element elementor-element-5db64fa elementor-widget elementor-widget-heading\" data-id=\"5db64fa\" data-element_type=\"widget\" data-e-type=\"widget\" data-widget_type=\"heading.default\">\n\t\t\t\t<div class=\"elementor-widget-container\">\n\t\t\t\t\t<h4 class=\"elementor-heading-title elementor-size-default\">- For C-Suite Leaders and Business Owners both nationally and internationally. \n<\/h4>\t\t\t\t<\/div>\n\t\t\t\t<\/div>\n\t\t\t\t<\/div>\n\t\t<div class=\"elementor-element elementor-element-8366534 e-con-full e-flex e-con e-child\" data-id=\"8366534\" data-element_type=\"container\" data-e-type=\"container\">\n\t\t\t\t<div class=\"elementor-element elementor-element-9ac1736 elementor-blockquote--skin-quotation elementor-widget elementor-widget-blockquote\" data-id=\"9ac1736\" data-element_type=\"widget\" data-e-type=\"widget\" data-widget_type=\"blockquote.default\">\n\t\t\t\t<div class=\"elementor-widget-container\">\n\t\t\t\t\t\t\t<blockquote class=\"elementor-blockquote\">\n\t\t\t<p class=\"elementor-blockquote__content\">\n\t\t\t\tIn an Executive Coaching program, the focus will be on your personal and professional stability as well as development.\t\t\t<\/p>\n\t\t\t\t\t<\/blockquote>\n\t\t\t\t\t\t<\/div>\n\t\t\t\t<\/div>\n\t\t\t\t<div class=\"elementor-element elementor-element-490e2b2 elementor-widget elementor-widget-text-editor\" data-id=\"490e2b2\" data-element_type=\"widget\" data-e-type=\"widget\" data-widget_type=\"text-editor.default\">\n\t\t\t\t<div class=\"elementor-widget-container\">\n\t\t\t\t\t\t\t\t\t<p>Throughout the process, we will address the life themes that require attention while also concentrating on leadership and strategic challenges. The process is tailored to your needs and your unique role as a leader, ensuring maximum value for both yourself and your organization.<\/p><p>Together, we will focus on your unique personal and professional profile, your core driving forces, and your life path, while also helping you address urgent situations in both your personal and professional life.<\/p><p>An Executive Coaching program can strengthen you as both a person and a top executive, allowing you to encounter yourself in a new and more conscious way. You will develop strategies to navigate a complex life, where insight and awareness can be key elements in achieving strong leadership and a fulfilling personal life.<\/p>\t\t\t\t\t\t\t\t<\/div>\n\t\t\t\t<\/div>\n\t\t\t\t<\/div>\n\t\t\t\t\t<\/div>\n\t\t\t\t<\/div>\n\t\t<div class=\"elementor-element elementor-element-6e3a4e0 e-flex e-con-boxed e-con e-parent\" data-id=\"6e3a4e0\" data-element_type=\"container\" data-e-type=\"container\" data-settings=\"{&quot;background_background&quot;:&quot;classic&quot;}\">\n\t\t\t\t\t<div class=\"e-con-inner\">\n\t\t<div class=\"elementor-element elementor-element-aea7bd4 e-con-full e-flex e-con e-child\" data-id=\"aea7bd4\" data-element_type=\"container\" data-e-type=\"container\" data-settings=\"{&quot;background_background&quot;:&quot;classic&quot;}\">\n\t\t\t\t<\/div>\n\t\t<div class=\"elementor-element elementor-element-35356be e-con-full e-flex e-con e-child\" data-id=\"35356be\" data-element_type=\"container\" data-e-type=\"container\">\n\t\t\t\t<div class=\"elementor-element elementor-element-a2ca307 elementor-widget elementor-widget-heading\" data-id=\"a2ca307\" data-element_type=\"widget\" data-e-type=\"widget\" data-widget_type=\"heading.default\">\n\t\t\t\t<div class=\"elementor-widget-container\">\n\t\t\t\t\t<h6 class=\"elementor-heading-title elementor-size-default\">Themes<\/h6>\t\t\t\t<\/div>\n\t\t\t\t<\/div>\n\t\t\t\t<div class=\"elementor-element elementor-element-82a1162 elementor-widget-divider--view-line elementor-widget elementor-widget-divider\" data-id=\"82a1162\" data-element_type=\"widget\" data-e-type=\"widget\" data-widget_type=\"divider.default\">\n\t\t\t\t<div class=\"elementor-widget-container\">\n\t\t\t\t\t\t\t<div class=\"elementor-divider\">\n\t\t\t<span class=\"elementor-divider-separator\">\n\t\t\t\t\t\t<\/span>\n\t\t<\/div>\n\t\t\t\t\t\t<\/div>\n\t\t\t\t<\/div>\n\t\t\t\t<div class=\"elementor-element elementor-element-7a6e2ab elementor-widget elementor-widget-heading\" data-id=\"7a6e2ab\" data-element_type=\"widget\" data-e-type=\"widget\" data-widget_type=\"heading.default\">\n\t\t\t\t<div class=\"elementor-widget-container\">\n\t\t\t\t\t<h2 class=\"elementor-heading-title elementor-size-default\">Typical Themes in Executive Coaching<\/h2>\t\t\t\t<\/div>\n\t\t\t\t<\/div>\n\t\t\t\t<div class=\"elementor-element elementor-element-ade68db elementor-widget elementor-widget-text-editor\" data-id=\"ade68db\" data-element_type=\"widget\" data-e-type=\"widget\" data-widget_type=\"text-editor.default\">\n\t\t\t\t<div class=\"elementor-widget-container\">\n\t\t\t\t\t\t\t\t\t<p>An Executive Coaching program provides a confidential and tailored space where we address the themes most relevant to you. Common themes include:<\/p>\t\t\t\t\t\t\t\t<\/div>\n\t\t\t\t<\/div>\n\t\t\t\t<div class=\"elementor-element elementor-element-9f59a6c elementor-icon-list--layout-traditional elementor-list-item-link-full_width elementor-widget elementor-widget-icon-list\" data-id=\"9f59a6c\" data-element_type=\"widget\" data-e-type=\"widget\" data-widget_type=\"icon-list.default\">\n\t\t\t\t<div class=\"elementor-widget-container\">\n\t\t\t\t\t\t\t<ul class=\"elementor-icon-list-items\">\n\t\t\t\t\t\t\t<li class=\"elementor-icon-list-item\">\n\t\t\t\t\t\t\t\t\t\t\t<span class=\"elementor-icon-list-icon\">\n\t\t\t\t\t\t\t<i aria-hidden=\"true\" class=\"fas fa-circle\"><\/i>\t\t\t\t\t\t<\/span>\n\t\t\t\t\t\t\t\t\t\t<span class=\"elementor-icon-list-text\"><b>Professional profile and leadership style:<\/b> Mapping your unique position and strategic strengths.<\/span>\n\t\t\t\t\t\t\t\t\t<\/li>\n\t\t\t\t\t\t\t\t<li class=\"elementor-icon-list-item\">\n\t\t\t\t\t\t\t\t\t\t\t<span class=\"elementor-icon-list-icon\">\n\t\t\t\t\t\t\t<i aria-hidden=\"true\" class=\"fas fa-circle\"><\/i>\t\t\t\t\t\t<\/span>\n\t\t\t\t\t\t\t\t\t\t<span class=\"elementor-icon-list-text\"><b>Personal history and decisions:<\/b> Reflecting on past experiences and pivotal choices.<\/span>\n\t\t\t\t\t\t\t\t\t<\/li>\n\t\t\t\t\t\t\t\t<li class=\"elementor-icon-list-item\">\n\t\t\t\t\t\t\t\t\t\t\t<span class=\"elementor-icon-list-icon\">\n\t\t\t\t\t\t\t<i aria-hidden=\"true\" class=\"fas fa-circle\"><\/i>\t\t\t\t\t\t<\/span>\n\t\t\t\t\t\t\t\t\t\t<span class=\"elementor-icon-list-text\"><b>Drivers and development areas:<\/b> Identifying personal strengths and growth potential.<\/span>\n\t\t\t\t\t\t\t\t\t<\/li>\n\t\t\t\t\t\t\t\t<li class=\"elementor-icon-list-item\">\n\t\t\t\t\t\t\t\t\t\t\t<span class=\"elementor-icon-list-icon\">\n\t\t\t\t\t\t\t<i aria-hidden=\"true\" class=\"fas fa-circle\"><\/i>\t\t\t\t\t\t<\/span>\n\t\t\t\t\t\t\t\t\t\t<span class=\"elementor-icon-list-text\"><b>Change processes:<\/b> Supporting you through complex situations such as leadership transitions or organizational changes.<\/span>\n\t\t\t\t\t\t\t\t\t<\/li>\n\t\t\t\t\t\t\t\t<li class=\"elementor-icon-list-item\">\n\t\t\t\t\t\t\t\t\t\t\t<span class=\"elementor-icon-list-icon\">\n\t\t\t\t\t\t\t<i aria-hidden=\"true\" class=\"fas fa-circle\"><\/i>\t\t\t\t\t\t<\/span>\n\t\t\t\t\t\t\t\t\t\t<span class=\"elementor-icon-list-text\"><b>Relationships:<\/b> Managing challenging relationships, both personal and professional.<\/span>\n\t\t\t\t\t\t\t\t\t<\/li>\n\t\t\t\t\t\t\t\t<li class=\"elementor-icon-list-item\">\n\t\t\t\t\t\t\t\t\t\t\t<span class=\"elementor-icon-list-icon\">\n\t\t\t\t\t\t\t<i aria-hidden=\"true\" class=\"fas fa-circle\"><\/i>\t\t\t\t\t\t<\/span>\n\t\t\t\t\t\t\t\t\t\t<span class=\"elementor-icon-list-text\"><b>Personal resilience:<\/b> Developing perspective, balance, and mental strength during stressful periods.<\/span>\n\t\t\t\t\t\t\t\t\t<\/li>\n\t\t\t\t\t\t\t\t<li class=\"elementor-icon-list-item\">\n\t\t\t\t\t\t\t\t\t\t\t<span class=\"elementor-icon-list-icon\">\n\t\t\t\t\t\t\t<i aria-hidden=\"true\" class=\"fas fa-circle\"><\/i>\t\t\t\t\t\t<\/span>\n\t\t\t\t\t\t\t\t\t\t<span class=\"elementor-icon-list-text\"><b>Life values and purpose:<\/b> Reflecting on your core values and their impact on your leadership.<\/span>\n\t\t\t\t\t\t\t\t\t<\/li>\n\t\t\t\t\t\t\t\t<li class=\"elementor-icon-list-item\">\n\t\t\t\t\t\t\t\t\t\t\t<span class=\"elementor-icon-list-icon\">\n\t\t\t\t\t\t\t<i aria-hidden=\"true\" class=\"fas fa-circle\"><\/i>\t\t\t\t\t\t<\/span>\n\t\t\t\t\t\t\t\t\t\t<span class=\"elementor-icon-list-text\"><b>Future and strategy:<\/b> Developing and implementing insights and goals that create lasting impact.<\/span>\n\t\t\t\t\t\t\t\t\t<\/li>\n\t\t\t\t\t\t<\/ul>\n\t\t\t\t\t\t<\/div>\n\t\t\t\t<\/div>\n\t\t\t\t<div class=\"elementor-element elementor-element-cdf6d27 elementor-widget elementor-widget-text-editor\" data-id=\"cdf6d27\" data-element_type=\"widget\" data-e-type=\"widget\" data-widget_type=\"text-editor.default\">\n\t\t\t\t<div class=\"elementor-widget-container\">\n\t\t\t\t\t\t\t\t\t<p><strong>The goal is clear:<\/strong> to enhance your self-awareness and foster long-term balance, resilience, and strategic clarity \u2013 both professionally and personally.<\/p>\t\t\t\t\t\t\t\t<\/div>\n\t\t\t\t<\/div>\n\t\t\t\t<\/div>\n\t\t\t\t\t<\/div>\n\t\t\t\t<\/div>\n\t\t<div class=\"elementor-element elementor-element-49c6694 e-flex e-con-boxed e-con e-parent\" data-id=\"49c6694\" data-element_type=\"container\" data-e-type=\"container\" data-settings=\"{&quot;background_background&quot;:&quot;classic&quot;}\">\n\t\t\t\t\t<div class=\"e-con-inner\">\n\t\t<div class=\"elementor-element elementor-element-9315b52 e-con-full e-flex e-con e-child\" data-id=\"9315b52\" data-element_type=\"container\" data-e-type=\"container\" data-settings=\"{&quot;background_background&quot;:&quot;classic&quot;}\">\n\t\t\t\t<\/div>\n\t\t<div class=\"elementor-element elementor-element-1b82e34 e-con-full e-flex e-con e-child\" data-id=\"1b82e34\" data-element_type=\"container\" data-e-type=\"container\">\n\t\t\t\t<div class=\"elementor-element elementor-element-728f2f2 elementor-widget elementor-widget-heading\" data-id=\"728f2f2\" data-element_type=\"widget\" data-e-type=\"widget\" data-widget_type=\"heading.default\">\n\t\t\t\t<div class=\"elementor-widget-container\">\n\t\t\t\t\t<h6 class=\"elementor-heading-title elementor-size-default\">How<\/h6>\t\t\t\t<\/div>\n\t\t\t\t<\/div>\n\t\t\t\t<div class=\"elementor-element elementor-element-80e7263 elementor-widget-divider--view-line elementor-widget elementor-widget-divider\" data-id=\"80e7263\" data-element_type=\"widget\" data-e-type=\"widget\" data-widget_type=\"divider.default\">\n\t\t\t\t<div class=\"elementor-widget-container\">\n\t\t\t\t\t\t\t<div class=\"elementor-divider\">\n\t\t\t<span class=\"elementor-divider-separator\">\n\t\t\t\t\t\t<\/span>\n\t\t<\/div>\n\t\t\t\t\t\t<\/div>\n\t\t\t\t<\/div>\n\t\t\t\t<div class=\"elementor-element elementor-element-114147c elementor-widget elementor-widget-heading\" data-id=\"114147c\" data-element_type=\"widget\" data-e-type=\"widget\" data-widget_type=\"heading.default\">\n\t\t\t\t<div class=\"elementor-widget-container\">\n\t\t\t\t\t<h2 class=\"elementor-heading-title elementor-size-default\">Executive Coaching Programs for C-Suites<\/h2>\t\t\t\t<\/div>\n\t\t\t\t<\/div>\n\t\t\t\t<div class=\"elementor-element elementor-element-daee21c elementor-widget elementor-widget-heading\" data-id=\"daee21c\" data-element_type=\"widget\" data-e-type=\"widget\" data-widget_type=\"heading.default\">\n\t\t\t\t<div class=\"elementor-widget-container\">\n\t\t\t\t\t<h4 class=\"elementor-heading-title elementor-size-default\">- The Practicalities<\/h4>\t\t\t\t<\/div>\n\t\t\t\t<\/div>\n\t\t\t\t<div class=\"elementor-element elementor-element-651e27e elementor-widget elementor-widget-text-editor\" data-id=\"651e27e\" data-element_type=\"widget\" data-e-type=\"widget\" data-widget_type=\"text-editor.default\">\n\t\t\t\t<div class=\"elementor-widget-container\">\n\t\t\t\t\t\t\t\t\t<p>An Executive Coaching program typically consists of 8-10 intensive sessions lasting 2-4 hours each, scheduled based on your unique situation, needs, and pace.You will through the process have an ongoing access to quick ad hoc support \u2013 either online or by phone \u2013 to address urgent situations or unforeseen needs for sparring.<\/p><p>As a client, you are given high priority throughout the program. You receive dedicated support and strategic coaching to ensure continuity and progress.<\/p><p>The sessions can be conducted in person or virtually via Teams or Google Meet.<\/p>\t\t\t\t\t\t\t\t<\/div>\n\t\t\t\t<\/div>\n\t\t\t\t<\/div>\n\t\t\t\t\t<\/div>\n\t\t\t\t<\/div>\n\t\t\t\t<\/div>","protected":false},"excerpt":{"rendered":"<p>Hvad Udvikling af topledere gennem Executive Coaching &#8211; For topledere &amp; ejerledere b\u00e5de nationalt og internationalt. I et Executive Coachingforl\u00f8b vil der v\u00e6re fokus p\u00e5 din personlige og faglige stabilitet samt udvikling. Gennem forl\u00f8bet arbejder vi med de livstemaer, som kr\u00e6ver opm\u00e6rksomhed, samtidig med at vi fokuserer p\u00e5 ledelsesm\u00e6ssige og strategiske udfordringer. Vi tilpasser processen [&hellip;]<\/p>\n","protected":false},"author":1,"featured_media":0,"parent":0,"menu_order":0,"comment_status":"closed","ping_status":"closed","template":"","meta":{"_acf_changed":false,"footnotes":""},"class_list":["post-1552","page","type-page","status-publish","hentry"],"acf":[],"yoast_head":"<!-- This site is optimized with the Yoast SEO plugin v27.4 - https:\/\/yoast.com\/product\/yoast-seo-wordpress\/ -->\n<title>Topleder coaching - Rikke Voldsgaard<\/title>\n<meta name=\"robots\" content=\"index, follow, max-snippet:-1, max-image-preview:large, max-video-preview:-1\" \/>\n<link rel=\"canonical\" href=\"https:\/\/rikkevoldsgaard.dk\/en\/topleder-coaching\/\" \/>\n<meta property=\"og:locale\" content=\"en_GB\" \/>\n<meta property=\"og:type\" content=\"article\" \/>\n<meta property=\"og:title\" content=\"Topleder coaching - Rikke Voldsgaard\" \/>\n<meta property=\"og:description\" content=\"Hvad Udvikling af topledere gennem Executive Coaching &#8211; For topledere &amp; ejerledere b\u00e5de nationalt og internationalt. I et Executive Coachingforl\u00f8b vil der v\u00e6re fokus p\u00e5 din personlige og faglige stabilitet samt udvikling. Gennem forl\u00f8bet arbejder vi med de livstemaer, som kr\u00e6ver opm\u00e6rksomhed, samtidig med at vi fokuserer p\u00e5 ledelsesm\u00e6ssige og strategiske udfordringer. Vi tilpasser processen [&hellip;]\" \/>\n<meta property=\"og:url\" content=\"https:\/\/rikkevoldsgaard.dk\/en\/topleder-coaching\/\" \/>\n<meta property=\"og:site_name\" content=\"Rikke Voldsgaard\" \/>\n<meta property=\"article:modified_time\" content=\"2025-01-08T09:45:29+00:00\" \/>\n<meta name=\"twitter:card\" content=\"summary_large_image\" \/>\n<meta name=\"twitter:label1\" content=\"Estimated reading time\" \/>\n\t<meta name=\"twitter:data1\" content=\"3 minutes\" \/>\n<script type=\"application\/ld+json\" class=\"yoast-schema-graph\">{\"@context\":\"https:\\\/\\\/schema.org\",\"@graph\":[{\"@type\":\"WebPage\",\"@id\":\"https:\\\/\\\/rikkevoldsgaard.dk\\\/topleder-coaching\\\/\",\"url\":\"https:\\\/\\\/rikkevoldsgaard.dk\\\/topleder-coaching\\\/\",\"name\":\"Topleder coaching - Rikke Voldsgaard\",\"isPartOf\":{\"@id\":\"https:\\\/\\\/rikkevoldsgaard.dk\\\/#website\"},\"datePublished\":\"2024-10-28T12:55:38+00:00\",\"dateModified\":\"2025-01-08T09:45:29+00:00\",\"inLanguage\":\"en-GB\",\"potentialAction\":[{\"@type\":\"ReadAction\",\"target\":[\"https:\\\/\\\/rikkevoldsgaard.dk\\\/topleder-coaching\\\/\"]}]},{\"@type\":\"WebSite\",\"@id\":\"https:\\\/\\\/rikkevoldsgaard.dk\\\/#website\",\"url\":\"https:\\\/\\\/rikkevoldsgaard.dk\\\/\",\"name\":\"Rikke Voldsgaard\",\"description\":\"\",\"publisher\":{\"@id\":\"https:\\\/\\\/rikkevoldsgaard.dk\\\/#organization\"},\"potentialAction\":[{\"@type\":\"SearchAction\",\"target\":{\"@type\":\"EntryPoint\",\"urlTemplate\":\"https:\\\/\\\/rikkevoldsgaard.dk\\\/?s={search_term_string}\"},\"query-input\":{\"@type\":\"PropertyValueSpecification\",\"valueRequired\":true,\"valueName\":\"search_term_string\"}}],\"inLanguage\":\"en-GB\"},{\"@type\":\"Organization\",\"@id\":\"https:\\\/\\\/rikkevoldsgaard.dk\\\/#organization\",\"name\":\"Rikke Voldsgaard\",\"url\":\"https:\\\/\\\/rikkevoldsgaard.dk\\\/\",\"logo\":{\"@type\":\"ImageObject\",\"inLanguage\":\"en-GB\",\"@id\":\"https:\\\/\\\/rikkevoldsgaard.dk\\\/#\\\/schema\\\/logo\\\/image\\\/\",\"url\":\"https:\\\/\\\/rikkevoldsgaard.dk\\\/wp-content\\\/uploads\\\/ny_Primaer-logo-hvid_web-e1730205615298.png\",\"contentUrl\":\"https:\\\/\\\/rikkevoldsgaard.dk\\\/wp-content\\\/uploads\\\/ny_Primaer-logo-hvid_web-e1730205615298.png\",\"width\":581,\"height\":170,\"caption\":\"Rikke Voldsgaard\"},\"image\":{\"@id\":\"https:\\\/\\\/rikkevoldsgaard.dk\\\/#\\\/schema\\\/logo\\\/image\\\/\"}}]}<\/script>\n<!-- \/ Yoast SEO plugin. -->","yoast_head_json":{"title":"Topleder coaching - Rikke Voldsgaard","robots":{"index":"index","follow":"follow","max-snippet":"max-snippet:-1","max-image-preview":"max-image-preview:large","max-video-preview":"max-video-preview:-1"},"canonical":"https:\/\/rikkevoldsgaard.dk\/en\/topleder-coaching\/","og_locale":"en_GB","og_type":"article","og_title":"Topleder coaching - Rikke Voldsgaard","og_description":"Hvad Udvikling af topledere gennem Executive Coaching &#8211; For topledere &amp; ejerledere b\u00e5de nationalt og internationalt. I et Executive Coachingforl\u00f8b vil der v\u00e6re fokus p\u00e5 din personlige og faglige stabilitet samt udvikling. Gennem forl\u00f8bet arbejder vi med de livstemaer, som kr\u00e6ver opm\u00e6rksomhed, samtidig med at vi fokuserer p\u00e5 ledelsesm\u00e6ssige og strategiske udfordringer. Vi tilpasser processen [&hellip;]","og_url":"https:\/\/rikkevoldsgaard.dk\/en\/topleder-coaching\/","og_site_name":"Rikke Voldsgaard","article_modified_time":"2025-01-08T09:45:29+00:00","twitter_card":"summary_large_image","twitter_misc":{"Estimated reading time":"3 minutes"},"schema":{"@context":"https:\/\/schema.org","@graph":[{"@type":"WebPage","@id":"https:\/\/rikkevoldsgaard.dk\/topleder-coaching\/","url":"https:\/\/rikkevoldsgaard.dk\/topleder-coaching\/","name":"Topleder coaching - Rikke Voldsgaard","isPartOf":{"@id":"https:\/\/rikkevoldsgaard.dk\/#website"},"datePublished":"2024-10-28T12:55:38+00:00","dateModified":"2025-01-08T09:45:29+00:00","inLanguage":"en-GB","potentialAction":[{"@type":"ReadAction","target":["https:\/\/rikkevoldsgaard.dk\/topleder-coaching\/"]}]},{"@type":"WebSite","@id":"https:\/\/rikkevoldsgaard.dk\/#website","url":"https:\/\/rikkevoldsgaard.dk\/","name":"Rikke Voldsgaard","description":"","publisher":{"@id":"https:\/\/rikkevoldsgaard.dk\/#organization"},"potentialAction":[{"@type":"SearchAction","target":{"@type":"EntryPoint","urlTemplate":"https:\/\/rikkevoldsgaard.dk\/?s={search_term_string}"},"query-input":{"@type":"PropertyValueSpecification","valueRequired":true,"valueName":"search_term_string"}}],"inLanguage":"en-GB"},{"@type":"Organization","@id":"https:\/\/rikkevoldsgaard.dk\/#organization","name":"Rikke Voldsgaard","url":"https:\/\/rikkevoldsgaard.dk\/","logo":{"@type":"ImageObject","inLanguage":"en-GB","@id":"https:\/\/rikkevoldsgaard.dk\/#\/schema\/logo\/image\/","url":"https:\/\/rikkevoldsgaard.dk\/wp-content\/uploads\/ny_Primaer-logo-hvid_web-e1730205615298.png","contentUrl":"https:\/\/rikkevoldsgaard.dk\/wp-content\/uploads\/ny_Primaer-logo-hvid_web-e1730205615298.png","width":581,"height":170,"caption":"Rikke Voldsgaard"},"image":{"@id":"https:\/\/rikkevoldsgaard.dk\/#\/schema\/logo\/image\/"}}]}},"_links":{"self":[{"href":"https:\/\/rikkevoldsgaard.dk\/en\/wp-json\/wp\/v2\/pages\/1552","targetHints":{"allow":["GET"]}}],"collection":[{"href":"https:\/\/rikkevoldsgaard.dk\/en\/wp-json\/wp\/v2\/pages"}],"about":[{"href":"https:\/\/rikkevoldsgaard.dk\/en\/wp-json\/wp\/v2\/types\/page"}],"author":[{"embeddable":true,"href":"https:\/\/rikkevoldsgaard.dk\/en\/wp-json\/wp\/v2\/users\/1"}],"replies":[{"embeddable":true,"href":"https:\/\/rikkevoldsgaard.dk\/en\/wp-json\/wp\/v2\/comments?post=1552"}],"version-history":[{"count":20,"href":"https:\/\/rikkevoldsgaard.dk\/en\/wp-json\/wp\/v2\/pages\/1552\/revisions"}],"predecessor-version":[{"id":2445,"href":"https:\/\/rikkevoldsgaard.dk\/en\/wp-json\/wp\/v2\/pages\/1552\/revisions\/2445"}],"wp:attachment":[{"href":"https:\/\/rikkevoldsgaard.dk\/en\/wp-json\/wp\/v2\/media?parent=1552"}],"curies":[{"name":"wp","href":"https:\/\/api.w.org\/{rel}","templated":true}]}}