{"id":1556,"date":"2024-10-28T13:56:01","date_gmt":"2024-10-28T12:56:01","guid":{"rendered":"https:\/\/rikkevoldsgaard.dk\/?page_id=1556"},"modified":"2025-01-16T08:02:25","modified_gmt":"2025-01-16T07:02:25","slug":"medarbejder-coaching","status":"publish","type":"page","link":"https:\/\/rikkevoldsgaard.dk\/en\/medarbejder-coaching\/","title":{"rendered":"Employee Coaching\u00a0"},"content":{"rendered":"<div data-elementor-type=\"wp-page\" data-elementor-id=\"1556\" class=\"elementor elementor-1556\" data-elementor-post-type=\"page\">\n\t\t\t\t<div class=\"elementor-element elementor-element-2fb5017 e-flex e-con-boxed e-con e-parent\" data-id=\"2fb5017\" data-element_type=\"container\" data-e-type=\"container\" data-settings=\"{&quot;background_background&quot;:&quot;classic&quot;}\">\n\t\t\t\t\t<div class=\"e-con-inner\">\n\t\t\t\t\t<\/div>\n\t\t\t\t<\/div>\n\t\t<div class=\"elementor-element elementor-element-ed2c6a3 e-flex e-con-boxed e-con e-parent\" data-id=\"ed2c6a3\" data-element_type=\"container\" data-e-type=\"container\" data-settings=\"{&quot;background_background&quot;:&quot;classic&quot;}\">\n\t\t\t\t\t<div class=\"e-con-inner\">\n\t\t<div class=\"elementor-element elementor-element-a76effd e-con-full e-flex e-con e-child\" data-id=\"a76effd\" data-element_type=\"container\" data-e-type=\"container\">\n\t\t\t\t<div class=\"elementor-element elementor-element-0978148 elementor-widget elementor-widget-heading\" data-id=\"0978148\" data-element_type=\"widget\" data-e-type=\"widget\" data-widget_type=\"heading.default\">\n\t\t\t\t<div class=\"elementor-widget-container\">\n\t\t\t\t\t<h6 class=\"elementor-heading-title elementor-size-default\">What<\/h6>\t\t\t\t<\/div>\n\t\t\t\t<\/div>\n\t\t\t\t<div class=\"elementor-element elementor-element-fa4bdea elementor-widget-divider--view-line elementor-widget elementor-widget-divider\" data-id=\"fa4bdea\" data-element_type=\"widget\" data-e-type=\"widget\" data-widget_type=\"divider.default\">\n\t\t\t\t<div class=\"elementor-widget-container\">\n\t\t\t\t\t\t\t<div class=\"elementor-divider\">\n\t\t\t<span class=\"elementor-divider-separator\">\n\t\t\t\t\t\t<\/span>\n\t\t<\/div>\n\t\t\t\t\t\t<\/div>\n\t\t\t\t<\/div>\n\t\t\t\t<div class=\"elementor-element elementor-element-a62f6ca elementor-widget elementor-widget-heading\" data-id=\"a62f6ca\" data-element_type=\"widget\" data-e-type=\"widget\" data-widget_type=\"heading.default\">\n\t\t\t\t<div class=\"elementor-widget-container\">\n\t\t\t\t\t<h2 class=\"elementor-heading-title elementor-size-default\">Coaching Program for Employees<\/h2>\t\t\t\t<\/div>\n\t\t\t\t<\/div>\n\t\t\t\t<div class=\"elementor-element elementor-element-59020a0 elementor-widget elementor-widget-heading\" data-id=\"59020a0\" data-element_type=\"widget\" data-e-type=\"widget\" data-widget_type=\"heading.default\">\n\t\t\t\t<div class=\"elementor-widget-container\">\n\t\t\t\t\t<h4 class=\"elementor-heading-title elementor-size-default\">Personal and Professional Development<\/h4>\t\t\t\t<\/div>\n\t\t\t\t<\/div>\n\t\t\t\t<\/div>\n\t\t<div class=\"elementor-element elementor-element-5096d95 e-con-full e-flex e-con e-child\" data-id=\"5096d95\" data-element_type=\"container\" data-e-type=\"container\">\n\t\t\t\t<div class=\"elementor-element elementor-element-1160783 elementor-widget elementor-widget-text-editor\" data-id=\"1160783\" data-element_type=\"widget\" data-e-type=\"widget\" data-widget_type=\"text-editor.default\">\n\t\t\t\t<div class=\"elementor-widget-container\">\n\t\t\t\t\t\t\t\t\t<p>An employee coaching program focuses on job satisfaction, stress prevention, and personal development in both professional and private roles. You will have the opportunity to grow in your professional role while meeting a renewed and empowered version of yourself, equipped with new strategies and tools to navigate the complexities of modern work life.<\/p><p>You choose the themes you want to work on during the coaching sessions. There is space and flexibility to address what you need. Psychological guidance and advice are naturally integrated into the coaching process, so you don\u2019t have to find all the answers on your own.<\/p>\t\t\t\t\t\t\t\t<\/div>\n\t\t\t\t<\/div>\n\t\t\t\t<\/div>\n\t\t\t\t\t<\/div>\n\t\t\t\t<\/div>\n\t\t<div class=\"elementor-element elementor-element-6328335 e-flex e-con-boxed e-con e-parent\" data-id=\"6328335\" data-element_type=\"container\" data-e-type=\"container\" data-settings=\"{&quot;background_background&quot;:&quot;classic&quot;}\">\n\t\t\t\t\t<div class=\"e-con-inner\">\n\t\t<div class=\"elementor-element elementor-element-068f717 e-con-full e-flex e-con e-child\" data-id=\"068f717\" data-element_type=\"container\" data-e-type=\"container\" data-settings=\"{&quot;background_background&quot;:&quot;classic&quot;}\">\n\t\t\t\t<\/div>\n\t\t<div class=\"elementor-element elementor-element-942051e e-con-full e-flex e-con e-child\" data-id=\"942051e\" data-element_type=\"container\" data-e-type=\"container\">\n\t\t\t\t<div class=\"elementor-element elementor-element-e170a2e elementor-widget elementor-widget-heading\" data-id=\"e170a2e\" data-element_type=\"widget\" data-e-type=\"widget\" data-widget_type=\"heading.default\">\n\t\t\t\t<div class=\"elementor-widget-container\">\n\t\t\t\t\t<h6 class=\"elementor-heading-title elementor-size-default\">Themes<\/h6>\t\t\t\t<\/div>\n\t\t\t\t<\/div>\n\t\t\t\t<div class=\"elementor-element elementor-element-09ce52f elementor-widget-divider--view-line elementor-widget elementor-widget-divider\" data-id=\"09ce52f\" data-element_type=\"widget\" data-e-type=\"widget\" data-widget_type=\"divider.default\">\n\t\t\t\t<div class=\"elementor-widget-container\">\n\t\t\t\t\t\t\t<div class=\"elementor-divider\">\n\t\t\t<span class=\"elementor-divider-separator\">\n\t\t\t\t\t\t<\/span>\n\t\t<\/div>\n\t\t\t\t\t\t<\/div>\n\t\t\t\t<\/div>\n\t\t\t\t<div class=\"elementor-element elementor-element-a0ae8e9 elementor-widget elementor-widget-heading\" data-id=\"a0ae8e9\" data-element_type=\"widget\" data-e-type=\"widget\" data-widget_type=\"heading.default\">\n\t\t\t\t<div class=\"elementor-widget-container\">\n\t\t\t\t\t<h2 class=\"elementor-heading-title elementor-size-default\">Typical Themes in Employee Coaching<\/h2>\t\t\t\t<\/div>\n\t\t\t\t<\/div>\n\t\t\t\t<div class=\"elementor-element elementor-element-c99774c elementor-icon-list--layout-traditional elementor-list-item-link-full_width elementor-widget elementor-widget-icon-list\" data-id=\"c99774c\" data-element_type=\"widget\" data-e-type=\"widget\" data-widget_type=\"icon-list.default\">\n\t\t\t\t<div class=\"elementor-widget-container\">\n\t\t\t\t\t\t\t<ul class=\"elementor-icon-list-items\">\n\t\t\t\t\t\t\t<li class=\"elementor-icon-list-item\">\n\t\t\t\t\t\t\t\t\t\t\t<span class=\"elementor-icon-list-icon\">\n\t\t\t\t\t\t\t<i aria-hidden=\"true\" class=\"fas fa-circle\"><\/i>\t\t\t\t\t\t<\/span>\n\t\t\t\t\t\t\t\t\t\t<span class=\"elementor-icon-list-text\"><b>Clarifying pour unique personality and personal patterns:<\/b> We delve into what makes you who you are and how your habits and patterns influence both your work and private life. This provides a foundation for greater self-awareness and personal development.<\/span>\n\t\t\t\t\t\t\t\t\t<\/li>\n\t\t\t\t\t\t\t\t<li class=\"elementor-icon-list-item\">\n\t\t\t\t\t\t\t\t\t\t\t<span class=\"elementor-icon-list-icon\">\n\t\t\t\t\t\t\t<i aria-hidden=\"true\" class=\"fas fa-circle\"><\/i>\t\t\t\t\t\t<\/span>\n\t\t\t\t\t\t\t\t\t\t<span class=\"elementor-icon-list-text\"><b>Managing relationships \u2013 both personal and professional: <\/b> Get support in navigating relationships and strengthen your ability to build healthy and constructive collaborations. We work on your communication, empathy, and conflict management skills to help you foster strong and balanced relationships.<\/span>\n\t\t\t\t\t\t\t\t\t<\/li>\n\t\t\t\t\t\t\t\t<li class=\"elementor-icon-list-item\">\n\t\t\t\t\t\t\t\t\t\t\t<span class=\"elementor-icon-list-icon\">\n\t\t\t\t\t\t\t<i aria-hidden=\"true\" class=\"fas fa-circle\"><\/i>\t\t\t\t\t\t<\/span>\n\t\t\t\t\t\t\t\t\t\t<span class=\"elementor-icon-list-text\"><b>Strengthening personal authority in your professional role: <\/b> Learn to step forward with greater personal authority. We focus on enhancing your ability to stand firm, communicate clearly, and take responsibility in your professional context.<\/span>\n\t\t\t\t\t\t\t\t\t<\/li>\n\t\t\t\t\t\t\t\t<li class=\"elementor-icon-list-item\">\n\t\t\t\t\t\t\t\t\t\t\t<span class=\"elementor-icon-list-icon\">\n\t\t\t\t\t\t\t<i aria-hidden=\"true\" class=\"fas fa-circle\"><\/i>\t\t\t\t\t\t<\/span>\n\t\t\t\t\t\t\t\t\t\t<span class=\"elementor-icon-list-text\"><b> Insight into sources of stress and developing prevention strategies: <\/b> Identify factors that can lead to stress and gain practical tools to manage and prevent it. This helps you maintain balance during both challenging and high-pressure periods.<\/span>\n\t\t\t\t\t\t\t\t\t<\/li>\n\t\t\t\t\t\t\t\t<li class=\"elementor-icon-list-item\">\n\t\t\t\t\t\t\t\t\t\t\t<span class=\"elementor-icon-list-icon\">\n\t\t\t\t\t\t\t<i aria-hidden=\"true\" class=\"fas fa-circle\"><\/i>\t\t\t\t\t\t<\/span>\n\t\t\t\t\t\t\t\t\t\t<span class=\"elementor-icon-list-text\"><b>Handling complex situations and relationships: <\/b> Improve your ability to analyze and manage complex or conflict-laden situations. Together, we develop strategies that enhance your capacity to find solutions and make sound decisions in difficult circumstances.<\/span>\n\t\t\t\t\t\t\t\t\t<\/li>\n\t\t\t\t\t\t\t\t<li class=\"elementor-icon-list-item\">\n\t\t\t\t\t\t\t\t\t\t\t<span class=\"elementor-icon-list-icon\">\n\t\t\t\t\t\t\t<i aria-hidden=\"true\" class=\"fas fa-circle\"><\/i>\t\t\t\t\t\t<\/span>\n\t\t\t\t\t\t\t\t\t\t<span class=\"elementor-icon-list-text\"><b> Tools for personal success: <\/b> Access a toolkit of practical resources to help you set realistic goals, take action, and achieve the results you aspire to.<\/span>\n\t\t\t\t\t\t\t\t\t<\/li>\n\t\t\t\t\t\t\t\t<li class=\"elementor-icon-list-item\">\n\t\t\t\t\t\t\t\t\t\t\t<span class=\"elementor-icon-list-icon\">\n\t\t\t\t\t\t\t<i aria-hidden=\"true\" class=\"fas fa-circle\"><\/i>\t\t\t\t\t\t<\/span>\n\t\t\t\t\t\t\t\t\t\t<span class=\"elementor-icon-list-text\"><b>Realizing potential and exploring new paths forward: <\/b> We focus on uncovering and utilizing your hidden resources and discovering new opportunities. You'll receive support in breaking old patterns, realizing your full potential, and taking steps toward new goals and directions in your life.<\/span>\n\t\t\t\t\t\t\t\t\t<\/li>\n\t\t\t\t\t\t<\/ul>\n\t\t\t\t\t\t<\/div>\n\t\t\t\t<\/div>\n\t\t\t\t<\/div>\n\t\t\t\t\t<\/div>\n\t\t\t\t<\/div>\n\t\t<div class=\"elementor-element elementor-element-915804b e-flex e-con-boxed e-con e-parent\" data-id=\"915804b\" data-element_type=\"container\" data-e-type=\"container\" data-settings=\"{&quot;background_background&quot;:&quot;classic&quot;}\">\n\t\t\t\t\t<div class=\"e-con-inner\">\n\t\t<div class=\"elementor-element elementor-element-94a7747 e-con-full e-flex e-con e-child\" data-id=\"94a7747\" data-element_type=\"container\" data-e-type=\"container\">\n\t\t\t\t<div class=\"elementor-element elementor-element-eb2e2bd elementor-widget elementor-widget-heading\" data-id=\"eb2e2bd\" data-element_type=\"widget\" data-e-type=\"widget\" data-widget_type=\"heading.default\">\n\t\t\t\t<div class=\"elementor-widget-container\">\n\t\t\t\t\t<h6 class=\"elementor-heading-title elementor-size-default\">How<\/h6>\t\t\t\t<\/div>\n\t\t\t\t<\/div>\n\t\t\t\t<div class=\"elementor-element elementor-element-f062891 elementor-widget-divider--view-line elementor-widget elementor-widget-divider\" data-id=\"f062891\" data-element_type=\"widget\" data-e-type=\"widget\" data-widget_type=\"divider.default\">\n\t\t\t\t<div class=\"elementor-widget-container\">\n\t\t\t\t\t\t\t<div class=\"elementor-divider\">\n\t\t\t<span class=\"elementor-divider-separator\">\n\t\t\t\t\t\t<\/span>\n\t\t<\/div>\n\t\t\t\t\t\t<\/div>\n\t\t\t\t<\/div>\n\t\t\t\t<div class=\"elementor-element elementor-element-656318f elementor-widget elementor-widget-heading\" data-id=\"656318f\" data-element_type=\"widget\" data-e-type=\"widget\" data-widget_type=\"heading.default\">\n\t\t\t\t<div class=\"elementor-widget-container\">\n\t\t\t\t\t<h2 class=\"elementor-heading-title elementor-size-default\">An employee coaching program<\/h2>\t\t\t\t<\/div>\n\t\t\t\t<\/div>\n\t\t\t\t<div class=\"elementor-element elementor-element-97ff780 elementor-widget elementor-widget-heading\" data-id=\"97ff780\" data-element_type=\"widget\" data-e-type=\"widget\" data-widget_type=\"heading.default\">\n\t\t\t\t<div class=\"elementor-widget-container\">\n\t\t\t\t\t<h4 class=\"elementor-heading-title elementor-size-default\">- The Practicalities<\/h4>\t\t\t\t<\/div>\n\t\t\t\t<\/div>\n\t\t\t\t<div class=\"elementor-element elementor-element-9c1e46d elementor-widget elementor-widget-text-editor\" data-id=\"9c1e46d\" data-element_type=\"widget\" data-e-type=\"widget\" data-widget_type=\"text-editor.default\">\n\t\t\t\t<div class=\"elementor-widget-container\">\n\t\t\t\t\t\t\t\t\t<p>Leadership coaching is tailored to individual needs and consists of a series of sessions, typically lasting 2-3 hours each. The duration of the program naturally depends on your current situation, as well as your specific wishes and needs. However, a well-structured program typically spans 6-8 sessions.<\/p><p>Throughout the program, you will also have access to quick ad-hoc consultations online or by phone to address any immediate needs or questions.<\/p><p>The sessions can be conducted as in-person meetings and\/or virtually via Teams or Google Meet. We will plan this together to ensure it fits your preferences.<\/p>\t\t\t\t\t\t\t\t<\/div>\n\t\t\t\t<\/div>\n\t\t\t\t<\/div>\n\t\t<div class=\"elementor-element elementor-element-15b7cc3 e-con-full e-flex e-con e-child\" data-id=\"15b7cc3\" data-element_type=\"container\" data-e-type=\"container\" data-settings=\"{&quot;background_background&quot;:&quot;classic&quot;}\">\n\t\t\t\t<\/div>\n\t\t\t\t\t<\/div>\n\t\t\t\t<\/div>\n\t\t\t\t<\/div>","protected":false},"excerpt":{"rendered":"<p>Hvad Coachingforl\u00f8b for medarbejdere &#8211; Personlig og professionel udvikling I et medarbejder-coachingforl\u00f8b vil der v\u00e6re fokus p\u00e5 arbejdsgl\u00e6de, forebyggelse af evt. stress og personlig udvikling i den professionelle som private rolle. Du vil kunne komme til at vokse i din professionelle rolle, samt f\u00e5 mulighed for at m\u00f8de dig selv i en ny, styrket udgave, [&hellip;]<\/p>\n","protected":false},"author":1,"featured_media":0,"parent":0,"menu_order":0,"comment_status":"closed","ping_status":"closed","template":"","meta":{"_acf_changed":false,"footnotes":""},"class_list":["post-1556","page","type-page","status-publish","hentry"],"acf":[],"yoast_head":"<!-- This site is optimized with the Yoast SEO plugin v27.4 - https:\/\/yoast.com\/product\/yoast-seo-wordpress\/ -->\n<title>Medarbejder coaching\u00a0 - Rikke Voldsgaard<\/title>\n<meta name=\"robots\" content=\"index, follow, max-snippet:-1, max-image-preview:large, max-video-preview:-1\" \/>\n<link rel=\"canonical\" href=\"https:\/\/rikkevoldsgaard.dk\/en\/medarbejder-coaching\/\" \/>\n<meta property=\"og:locale\" content=\"en_GB\" \/>\n<meta property=\"og:type\" content=\"article\" \/>\n<meta property=\"og:title\" content=\"Medarbejder coaching\u00a0 - Rikke Voldsgaard\" \/>\n<meta property=\"og:description\" content=\"Hvad Coachingforl\u00f8b for medarbejdere &#8211; Personlig og professionel udvikling I et medarbejder-coachingforl\u00f8b vil der v\u00e6re fokus p\u00e5 arbejdsgl\u00e6de, forebyggelse af evt. stress og personlig udvikling i den professionelle som private rolle. Du vil kunne komme til at vokse i din professionelle rolle, samt f\u00e5 mulighed for at m\u00f8de dig selv i en ny, styrket udgave, [&hellip;]\" \/>\n<meta property=\"og:url\" content=\"https:\/\/rikkevoldsgaard.dk\/en\/medarbejder-coaching\/\" \/>\n<meta property=\"og:site_name\" content=\"Rikke Voldsgaard\" \/>\n<meta property=\"article:modified_time\" content=\"2025-01-16T07:02:25+00:00\" \/>\n<meta name=\"twitter:card\" content=\"summary_large_image\" \/>\n<meta name=\"twitter:label1\" content=\"Estimated reading time\" \/>\n\t<meta name=\"twitter:data1\" content=\"3 minutes\" \/>\n<script type=\"application\/ld+json\" class=\"yoast-schema-graph\">{\"@context\":\"https:\\\/\\\/schema.org\",\"@graph\":[{\"@type\":\"WebPage\",\"@id\":\"https:\\\/\\\/rikkevoldsgaard.dk\\\/medarbejder-coaching\\\/\",\"url\":\"https:\\\/\\\/rikkevoldsgaard.dk\\\/medarbejder-coaching\\\/\",\"name\":\"Medarbejder coaching\u00a0 - Rikke Voldsgaard\",\"isPartOf\":{\"@id\":\"https:\\\/\\\/rikkevoldsgaard.dk\\\/#website\"},\"datePublished\":\"2024-10-28T12:56:01+00:00\",\"dateModified\":\"2025-01-16T07:02:25+00:00\",\"inLanguage\":\"en-GB\",\"potentialAction\":[{\"@type\":\"ReadAction\",\"target\":[\"https:\\\/\\\/rikkevoldsgaard.dk\\\/medarbejder-coaching\\\/\"]}]},{\"@type\":\"WebSite\",\"@id\":\"https:\\\/\\\/rikkevoldsgaard.dk\\\/#website\",\"url\":\"https:\\\/\\\/rikkevoldsgaard.dk\\\/\",\"name\":\"Rikke Voldsgaard\",\"description\":\"\",\"publisher\":{\"@id\":\"https:\\\/\\\/rikkevoldsgaard.dk\\\/#organization\"},\"potentialAction\":[{\"@type\":\"SearchAction\",\"target\":{\"@type\":\"EntryPoint\",\"urlTemplate\":\"https:\\\/\\\/rikkevoldsgaard.dk\\\/?s={search_term_string}\"},\"query-input\":{\"@type\":\"PropertyValueSpecification\",\"valueRequired\":true,\"valueName\":\"search_term_string\"}}],\"inLanguage\":\"en-GB\"},{\"@type\":\"Organization\",\"@id\":\"https:\\\/\\\/rikkevoldsgaard.dk\\\/#organization\",\"name\":\"Rikke Voldsgaard\",\"url\":\"https:\\\/\\\/rikkevoldsgaard.dk\\\/\",\"logo\":{\"@type\":\"ImageObject\",\"inLanguage\":\"en-GB\",\"@id\":\"https:\\\/\\\/rikkevoldsgaard.dk\\\/#\\\/schema\\\/logo\\\/image\\\/\",\"url\":\"https:\\\/\\\/rikkevoldsgaard.dk\\\/wp-content\\\/uploads\\\/ny_Primaer-logo-hvid_web-e1730205615298.png\",\"contentUrl\":\"https:\\\/\\\/rikkevoldsgaard.dk\\\/wp-content\\\/uploads\\\/ny_Primaer-logo-hvid_web-e1730205615298.png\",\"width\":581,\"height\":170,\"caption\":\"Rikke Voldsgaard\"},\"image\":{\"@id\":\"https:\\\/\\\/rikkevoldsgaard.dk\\\/#\\\/schema\\\/logo\\\/image\\\/\"}}]}<\/script>\n<!-- \/ Yoast SEO plugin. -->","yoast_head_json":{"title":"Medarbejder coaching\u00a0 - Rikke Voldsgaard","robots":{"index":"index","follow":"follow","max-snippet":"max-snippet:-1","max-image-preview":"max-image-preview:large","max-video-preview":"max-video-preview:-1"},"canonical":"https:\/\/rikkevoldsgaard.dk\/en\/medarbejder-coaching\/","og_locale":"en_GB","og_type":"article","og_title":"Medarbejder coaching\u00a0 - Rikke Voldsgaard","og_description":"Hvad Coachingforl\u00f8b for medarbejdere &#8211; Personlig og professionel udvikling I et medarbejder-coachingforl\u00f8b vil der v\u00e6re fokus p\u00e5 arbejdsgl\u00e6de, forebyggelse af evt. stress og personlig udvikling i den professionelle som private rolle. Du vil kunne komme til at vokse i din professionelle rolle, samt f\u00e5 mulighed for at m\u00f8de dig selv i en ny, styrket udgave, [&hellip;]","og_url":"https:\/\/rikkevoldsgaard.dk\/en\/medarbejder-coaching\/","og_site_name":"Rikke Voldsgaard","article_modified_time":"2025-01-16T07:02:25+00:00","twitter_card":"summary_large_image","twitter_misc":{"Estimated reading time":"3 minutes"},"schema":{"@context":"https:\/\/schema.org","@graph":[{"@type":"WebPage","@id":"https:\/\/rikkevoldsgaard.dk\/medarbejder-coaching\/","url":"https:\/\/rikkevoldsgaard.dk\/medarbejder-coaching\/","name":"Medarbejder coaching\u00a0 - Rikke Voldsgaard","isPartOf":{"@id":"https:\/\/rikkevoldsgaard.dk\/#website"},"datePublished":"2024-10-28T12:56:01+00:00","dateModified":"2025-01-16T07:02:25+00:00","inLanguage":"en-GB","potentialAction":[{"@type":"ReadAction","target":["https:\/\/rikkevoldsgaard.dk\/medarbejder-coaching\/"]}]},{"@type":"WebSite","@id":"https:\/\/rikkevoldsgaard.dk\/#website","url":"https:\/\/rikkevoldsgaard.dk\/","name":"Rikke Voldsgaard","description":"","publisher":{"@id":"https:\/\/rikkevoldsgaard.dk\/#organization"},"potentialAction":[{"@type":"SearchAction","target":{"@type":"EntryPoint","urlTemplate":"https:\/\/rikkevoldsgaard.dk\/?s={search_term_string}"},"query-input":{"@type":"PropertyValueSpecification","valueRequired":true,"valueName":"search_term_string"}}],"inLanguage":"en-GB"},{"@type":"Organization","@id":"https:\/\/rikkevoldsgaard.dk\/#organization","name":"Rikke Voldsgaard","url":"https:\/\/rikkevoldsgaard.dk\/","logo":{"@type":"ImageObject","inLanguage":"en-GB","@id":"https:\/\/rikkevoldsgaard.dk\/#\/schema\/logo\/image\/","url":"https:\/\/rikkevoldsgaard.dk\/wp-content\/uploads\/ny_Primaer-logo-hvid_web-e1730205615298.png","contentUrl":"https:\/\/rikkevoldsgaard.dk\/wp-content\/uploads\/ny_Primaer-logo-hvid_web-e1730205615298.png","width":581,"height":170,"caption":"Rikke Voldsgaard"},"image":{"@id":"https:\/\/rikkevoldsgaard.dk\/#\/schema\/logo\/image\/"}}]}},"_links":{"self":[{"href":"https:\/\/rikkevoldsgaard.dk\/en\/wp-json\/wp\/v2\/pages\/1556","targetHints":{"allow":["GET"]}}],"collection":[{"href":"https:\/\/rikkevoldsgaard.dk\/en\/wp-json\/wp\/v2\/pages"}],"about":[{"href":"https:\/\/rikkevoldsgaard.dk\/en\/wp-json\/wp\/v2\/types\/page"}],"author":[{"embeddable":true,"href":"https:\/\/rikkevoldsgaard.dk\/en\/wp-json\/wp\/v2\/users\/1"}],"replies":[{"embeddable":true,"href":"https:\/\/rikkevoldsgaard.dk\/en\/wp-json\/wp\/v2\/comments?post=1556"}],"version-history":[{"count":20,"href":"https:\/\/rikkevoldsgaard.dk\/en\/wp-json\/wp\/v2\/pages\/1556\/revisions"}],"predecessor-version":[{"id":2504,"href":"https:\/\/rikkevoldsgaard.dk\/en\/wp-json\/wp\/v2\/pages\/1556\/revisions\/2504"}],"wp:attachment":[{"href":"https:\/\/rikkevoldsgaard.dk\/en\/wp-json\/wp\/v2\/media?parent=1556"}],"curies":[{"name":"wp","href":"https:\/\/api.w.org\/{rel}","templated":true}]}}