{"id":1558,"date":"2024-10-28T13:56:13","date_gmt":"2024-10-28T12:56:13","guid":{"rendered":"https:\/\/rikkevoldsgaard.dk\/?page_id=1558"},"modified":"2025-01-14T15:11:33","modified_gmt":"2025-01-14T14:11:33","slug":"personlig-coaching","status":"publish","type":"page","link":"https:\/\/rikkevoldsgaard.dk\/en\/personlig-coaching\/","title":{"rendered":"Personal Coaching"},"content":{"rendered":"<div data-elementor-type=\"wp-page\" data-elementor-id=\"1558\" class=\"elementor elementor-1558\" data-elementor-post-type=\"page\">\n\t\t\t\t<div class=\"elementor-element elementor-element-77c821e e-flex e-con-boxed e-con e-parent\" data-id=\"77c821e\" data-element_type=\"container\" data-e-type=\"container\" data-settings=\"{&quot;background_background&quot;:&quot;classic&quot;}\">\n\t\t\t\t\t<div class=\"e-con-inner\">\n\t\t\t\t\t<\/div>\n\t\t\t\t<\/div>\n\t\t<div class=\"elementor-element elementor-element-81aa5fa e-flex e-con-boxed e-con e-parent\" data-id=\"81aa5fa\" data-element_type=\"container\" data-e-type=\"container\" data-settings=\"{&quot;background_background&quot;:&quot;classic&quot;}\">\n\t\t\t\t\t<div class=\"e-con-inner\">\n\t\t<div class=\"elementor-element elementor-element-ab01d83 e-con-full e-flex e-con e-child\" data-id=\"ab01d83\" data-element_type=\"container\" data-e-type=\"container\">\n\t\t\t\t<div class=\"elementor-element elementor-element-b2b3793 elementor-widget elementor-widget-heading\" data-id=\"b2b3793\" data-element_type=\"widget\" data-e-type=\"widget\" data-widget_type=\"heading.default\">\n\t\t\t\t<div class=\"elementor-widget-container\">\n\t\t\t\t\t<h6 class=\"elementor-heading-title elementor-size-default\">What<\/h6>\t\t\t\t<\/div>\n\t\t\t\t<\/div>\n\t\t\t\t<div class=\"elementor-element elementor-element-50c5749 elementor-widget-divider--view-line elementor-widget elementor-widget-divider\" data-id=\"50c5749\" data-element_type=\"widget\" data-e-type=\"widget\" data-widget_type=\"divider.default\">\n\t\t\t\t<div class=\"elementor-widget-container\">\n\t\t\t\t\t\t\t<div class=\"elementor-divider\">\n\t\t\t<span class=\"elementor-divider-separator\">\n\t\t\t\t\t\t<\/span>\n\t\t<\/div>\n\t\t\t\t\t\t<\/div>\n\t\t\t\t<\/div>\n\t\t\t\t<div class=\"elementor-element elementor-element-09ffc3d elementor-widget elementor-widget-heading\" data-id=\"09ffc3d\" data-element_type=\"widget\" data-e-type=\"widget\" data-widget_type=\"heading.default\">\n\t\t\t\t<div class=\"elementor-widget-container\">\n\t\t\t\t\t<h2 class=\"elementor-heading-title elementor-size-default\">Personal Coaching<\/h2>\t\t\t\t<\/div>\n\t\t\t\t<\/div>\n\t\t\t\t<div class=\"elementor-element elementor-element-c90c332 elementor-widget elementor-widget-heading\" data-id=\"c90c332\" data-element_type=\"widget\" data-e-type=\"widget\" data-widget_type=\"heading.default\">\n\t\t\t\t<div class=\"elementor-widget-container\">\n\t\t\t\t\t<h4 class=\"elementor-heading-title elementor-size-default\">- Live the Life You Dream Of<\/h4>\t\t\t\t<\/div>\n\t\t\t\t<\/div>\n\t\t\t\t<\/div>\n\t\t<div class=\"elementor-element elementor-element-e210ae4 e-con-full e-flex e-con e-child\" data-id=\"e210ae4\" data-element_type=\"container\" data-e-type=\"container\">\n\t\t\t\t<div class=\"elementor-element elementor-element-ca50ffc elementor-widget elementor-widget-text-editor\" data-id=\"ca50ffc\" data-element_type=\"widget\" data-e-type=\"widget\" data-widget_type=\"text-editor.default\">\n\t\t\t\t<div class=\"elementor-widget-container\">\n\t\t\t\t\t\t\t\t\t<p>A personal coaching program focuses on deeper personal themes. Together, we address the relationships and situations that affect you\u2014both in your personal and professional life.<\/p><p>Through this coaching process, you will experience a heightened sense of awareness, bringing you closer to understanding who you are and, more importantly, who you want to become. This includes clarifying your core values as an individual.<br \/>At the same time, you will have the opportunity to explore how to create positive change and meaning in your life and how to realize your full potential.<\/p><p>The program is tailored to your preferences and needs. You decide which themes we should work on, providing space to explore both existential questions and the more practical aspects of your life.<\/p>\t\t\t\t\t\t\t\t<\/div>\n\t\t\t\t<\/div>\n\t\t\t\t<\/div>\n\t\t\t\t\t<\/div>\n\t\t\t\t<\/div>\n\t\t<div class=\"elementor-element elementor-element-2f3c936 e-flex e-con-boxed e-con e-parent\" data-id=\"2f3c936\" data-element_type=\"container\" data-e-type=\"container\" data-settings=\"{&quot;background_background&quot;:&quot;classic&quot;}\">\n\t\t\t\t\t<div class=\"e-con-inner\">\n\t\t<div class=\"elementor-element elementor-element-a1eb11b e-con-full e-flex e-con e-child\" data-id=\"a1eb11b\" data-element_type=\"container\" data-e-type=\"container\" data-settings=\"{&quot;background_background&quot;:&quot;classic&quot;}\">\n\t\t\t\t<\/div>\n\t\t<div class=\"elementor-element elementor-element-ae16de4 e-con-full e-flex e-con e-child\" data-id=\"ae16de4\" data-element_type=\"container\" data-e-type=\"container\">\n\t\t\t\t<div class=\"elementor-element elementor-element-e55f49d elementor-widget elementor-widget-heading\" data-id=\"e55f49d\" data-element_type=\"widget\" data-e-type=\"widget\" data-widget_type=\"heading.default\">\n\t\t\t\t<div class=\"elementor-widget-container\">\n\t\t\t\t\t<h6 class=\"elementor-heading-title elementor-size-default\">Themes<\/h6>\t\t\t\t<\/div>\n\t\t\t\t<\/div>\n\t\t\t\t<div class=\"elementor-element elementor-element-e8c6434 elementor-widget-divider--view-line elementor-widget elementor-widget-divider\" data-id=\"e8c6434\" data-element_type=\"widget\" data-e-type=\"widget\" data-widget_type=\"divider.default\">\n\t\t\t\t<div class=\"elementor-widget-container\">\n\t\t\t\t\t\t\t<div class=\"elementor-divider\">\n\t\t\t<span class=\"elementor-divider-separator\">\n\t\t\t\t\t\t<\/span>\n\t\t<\/div>\n\t\t\t\t\t\t<\/div>\n\t\t\t\t<\/div>\n\t\t\t\t<div class=\"elementor-element elementor-element-c8e8ad8 elementor-widget elementor-widget-heading\" data-id=\"c8e8ad8\" data-element_type=\"widget\" data-e-type=\"widget\" data-widget_type=\"heading.default\">\n\t\t\t\t<div class=\"elementor-widget-container\">\n\t\t\t\t\t<h2 class=\"elementor-heading-title elementor-size-default\">Typical Themes in Employee Coaching<\/h2>\t\t\t\t<\/div>\n\t\t\t\t<\/div>\n\t\t\t\t<div class=\"elementor-element elementor-element-cbcfc1d elementor-icon-list--layout-traditional elementor-list-item-link-full_width elementor-widget elementor-widget-icon-list\" data-id=\"cbcfc1d\" data-element_type=\"widget\" data-e-type=\"widget\" data-widget_type=\"icon-list.default\">\n\t\t\t\t<div class=\"elementor-widget-container\">\n\t\t\t\t\t\t\t<ul class=\"elementor-icon-list-items\">\n\t\t\t\t\t\t\t<li class=\"elementor-icon-list-item\">\n\t\t\t\t\t\t\t\t\t\t\t<span class=\"elementor-icon-list-icon\">\n\t\t\t\t\t\t\t<i aria-hidden=\"true\" class=\"fas fa-circle\"><\/i>\t\t\t\t\t\t<\/span>\n\t\t\t\t\t\t\t\t\t\t<span class=\"elementor-icon-list-text\"><b>Relationships and roles \u2013 both private and professional:<\/b> Understand and balance the many roles you have in life\u2014whether as a partner, parent, friend, or colleague. We focus on enhancing your communication skills and your ability to create meaningful relationships across different areas of your life.<\/span>\n\t\t\t\t\t\t\t\t\t<\/li>\n\t\t\t\t\t\t\t\t<li class=\"elementor-icon-list-item\">\n\t\t\t\t\t\t\t\t\t\t\t<span class=\"elementor-icon-list-icon\">\n\t\t\t\t\t\t\t<i aria-hidden=\"true\" class=\"fas fa-circle\"><\/i>\t\t\t\t\t\t<\/span>\n\t\t\t\t\t\t\t\t\t\t<span class=\"elementor-icon-list-text\"><b>Handling complex situations and relational challenges: <\/b> Receive support in navigating challenging or conflict-laden situations where relationships or circumstances may feel difficult to manage.<\/span>\n\t\t\t\t\t\t\t\t\t<\/li>\n\t\t\t\t\t\t\t\t<li class=\"elementor-icon-list-item\">\n\t\t\t\t\t\t\t\t\t\t\t<span class=\"elementor-icon-list-icon\">\n\t\t\t\t\t\t\t<i aria-hidden=\"true\" class=\"fas fa-circle\"><\/i>\t\t\t\t\t\t<\/span>\n\t\t\t\t\t\t\t\t\t\t<span class=\"elementor-icon-list-text\"><b>Key decisions, choices, and life's turning points: <\/b> Are you at a crossroads in life? We focus on helping you make conscious choices and decisions aligned with your values and goals, guiding you toward your desired direction.<\/span>\n\t\t\t\t\t\t\t\t\t<\/li>\n\t\t\t\t\t\t\t\t<li class=\"elementor-icon-list-item\">\n\t\t\t\t\t\t\t\t\t\t\t<span class=\"elementor-icon-list-icon\">\n\t\t\t\t\t\t\t<i aria-hidden=\"true\" class=\"fas fa-circle\"><\/i>\t\t\t\t\t\t<\/span>\n\t\t\t\t\t\t\t\t\t\t<span class=\"elementor-icon-list-text\"><b>Insight into personality and personal patterns: <\/b> Understand the connection between your thoughts, feelings, and actions. Together, we map your personal patterns, habits, and beliefs, enabling you to break free from limitations and strengthen your self-awareness.<\/span>\n\t\t\t\t\t\t\t\t\t<\/li>\n\t\t\t\t\t\t\t\t<li class=\"elementor-icon-list-item\">\n\t\t\t\t\t\t\t\t\t\t\t<span class=\"elementor-icon-list-icon\">\n\t\t\t\t\t\t\t<i aria-hidden=\"true\" class=\"fas fa-circle\"><\/i>\t\t\t\t\t\t<\/span>\n\t\t\t\t\t\t\t\t\t\t<span class=\"elementor-icon-list-text\"><b> Clarifying new opportunities and paths forward: <\/b> Gain clarity on what truly matters to you. We explore new opportunities and perspectives that can open the door to a future that feels meaningful and inspiring.<\/span>\n\t\t\t\t\t\t\t\t\t<\/li>\n\t\t\t\t\t\t<\/ul>\n\t\t\t\t\t\t<\/div>\n\t\t\t\t<\/div>\n\t\t\t\t<\/div>\n\t\t\t\t\t<\/div>\n\t\t\t\t<\/div>\n\t\t<div class=\"elementor-element elementor-element-a769987 e-flex e-con-boxed e-con e-parent\" data-id=\"a769987\" data-element_type=\"container\" data-e-type=\"container\" data-settings=\"{&quot;background_background&quot;:&quot;classic&quot;}\">\n\t\t\t\t\t<div class=\"e-con-inner\">\n\t\t<div class=\"elementor-element elementor-element-a7df697 e-con-full e-flex e-con e-child\" data-id=\"a7df697\" data-element_type=\"container\" data-e-type=\"container\">\n\t\t\t\t<div class=\"elementor-element elementor-element-b4f0256 elementor-widget elementor-widget-heading\" data-id=\"b4f0256\" data-element_type=\"widget\" data-e-type=\"widget\" data-widget_type=\"heading.default\">\n\t\t\t\t<div class=\"elementor-widget-container\">\n\t\t\t\t\t<h6 class=\"elementor-heading-title elementor-size-default\">How<\/h6>\t\t\t\t<\/div>\n\t\t\t\t<\/div>\n\t\t\t\t<div class=\"elementor-element elementor-element-66d4b4e elementor-widget-divider--view-line elementor-widget elementor-widget-divider\" data-id=\"66d4b4e\" data-element_type=\"widget\" data-e-type=\"widget\" data-widget_type=\"divider.default\">\n\t\t\t\t<div class=\"elementor-widget-container\">\n\t\t\t\t\t\t\t<div class=\"elementor-divider\">\n\t\t\t<span class=\"elementor-divider-separator\">\n\t\t\t\t\t\t<\/span>\n\t\t<\/div>\n\t\t\t\t\t\t<\/div>\n\t\t\t\t<\/div>\n\t\t\t\t<div class=\"elementor-element elementor-element-67ebe96 elementor-widget elementor-widget-heading\" data-id=\"67ebe96\" data-element_type=\"widget\" data-e-type=\"widget\" data-widget_type=\"heading.default\">\n\t\t\t\t<div class=\"elementor-widget-container\">\n\t\t\t\t\t<h2 class=\"elementor-heading-title elementor-size-default\">Personal Coaching Program<\/h2>\t\t\t\t<\/div>\n\t\t\t\t<\/div>\n\t\t\t\t<div class=\"elementor-element elementor-element-86c0010 elementor-widget elementor-widget-heading\" data-id=\"86c0010\" data-element_type=\"widget\" data-e-type=\"widget\" data-widget_type=\"heading.default\">\n\t\t\t\t<div class=\"elementor-widget-container\">\n\t\t\t\t\t<h4 class=\"elementor-heading-title elementor-size-default\">- The Practicalities<\/h4>\t\t\t\t<\/div>\n\t\t\t\t<\/div>\n\t\t\t\t<div class=\"elementor-element elementor-element-6f33611 elementor-widget elementor-widget-text-editor\" data-id=\"6f33611\" data-element_type=\"widget\" data-e-type=\"widget\" data-widget_type=\"text-editor.default\">\n\t\t\t\t<div class=\"elementor-widget-container\">\n\t\t\t\t\t\t\t\t\t<p>A Personal Coaching program typically consists of 8-10 intensive sessions, each lasting 2-3 hours, designed around your unique situation, needs, and pace. In addition to the scheduled sessions, you have ongoing access to quick ad-hoc support\u2014either online or by phone\u2014to address urgent situations or unforeseen needs for guidance.<\/p><p>As a client, you are given high priority throughout the program. You receive dedicated support and strategic coaching to ensure continuity and progress.<\/p><p>Sessions can be conducted in person or virtually via Teams or Google Meet, based on your preference.<\/p>\t\t\t\t\t\t\t\t<\/div>\n\t\t\t\t<\/div>\n\t\t\t\t<\/div>\n\t\t<div class=\"elementor-element elementor-element-533ea17 e-con-full e-flex e-con e-child\" data-id=\"533ea17\" data-element_type=\"container\" data-e-type=\"container\" data-settings=\"{&quot;background_background&quot;:&quot;classic&quot;}\">\n\t\t\t\t<\/div>\n\t\t\t\t\t<\/div>\n\t\t\t\t<\/div>\n\t\t\t\t<\/div>","protected":false},"excerpt":{"rendered":"<p>Hvad Personlig coaching &#8211; Lev det liv du dr\u00f8mmer om I et personligt coachingforl\u00f8b har vi fokus p\u00e5 de dybere personlige temaer. Vi arbejder med de forhold og situationer, der p\u00e5virker dig \u2013 b\u00e5de i dit privatliv og i dit arbejdsliv. Gennem denne coaching proces vil du kunne opleve en yderligere bevidstg\u00f8relse, hvor du kommer [&hellip;]<\/p>\n","protected":false},"author":1,"featured_media":0,"parent":0,"menu_order":0,"comment_status":"closed","ping_status":"closed","template":"","meta":{"_acf_changed":false,"footnotes":""},"class_list":["post-1558","page","type-page","status-publish","hentry"],"acf":[],"yoast_head":"<!-- This site is optimized with the Yoast SEO plugin v27.4 - https:\/\/yoast.com\/product\/yoast-seo-wordpress\/ -->\n<title>Personlig coaching - Rikke Voldsgaard<\/title>\n<meta name=\"robots\" content=\"index, follow, max-snippet:-1, max-image-preview:large, max-video-preview:-1\" \/>\n<link rel=\"canonical\" href=\"https:\/\/rikkevoldsgaard.dk\/en\/personlig-coaching\/\" \/>\n<meta property=\"og:locale\" content=\"en_GB\" \/>\n<meta property=\"og:type\" content=\"article\" \/>\n<meta property=\"og:title\" content=\"Personlig coaching - Rikke Voldsgaard\" \/>\n<meta property=\"og:description\" content=\"Hvad Personlig coaching &#8211; Lev det liv du dr\u00f8mmer om I et personligt coachingforl\u00f8b har vi fokus p\u00e5 de dybere personlige temaer. Vi arbejder med de forhold og situationer, der p\u00e5virker dig \u2013 b\u00e5de i dit privatliv og i dit arbejdsliv. Gennem denne coaching proces vil du kunne opleve en yderligere bevidstg\u00f8relse, hvor du kommer [&hellip;]\" \/>\n<meta property=\"og:url\" content=\"https:\/\/rikkevoldsgaard.dk\/en\/personlig-coaching\/\" \/>\n<meta property=\"og:site_name\" content=\"Rikke Voldsgaard\" \/>\n<meta property=\"article:modified_time\" content=\"2025-01-14T14:11:33+00:00\" \/>\n<meta name=\"twitter:card\" content=\"summary_large_image\" \/>\n<meta name=\"twitter:label1\" content=\"Estimated reading time\" \/>\n\t<meta name=\"twitter:data1\" content=\"3 minutes\" \/>\n<script type=\"application\/ld+json\" class=\"yoast-schema-graph\">{\"@context\":\"https:\\\/\\\/schema.org\",\"@graph\":[{\"@type\":\"WebPage\",\"@id\":\"https:\\\/\\\/rikkevoldsgaard.dk\\\/personlig-coaching\\\/\",\"url\":\"https:\\\/\\\/rikkevoldsgaard.dk\\\/personlig-coaching\\\/\",\"name\":\"Personlig coaching - Rikke Voldsgaard\",\"isPartOf\":{\"@id\":\"https:\\\/\\\/rikkevoldsgaard.dk\\\/#website\"},\"datePublished\":\"2024-10-28T12:56:13+00:00\",\"dateModified\":\"2025-01-14T14:11:33+00:00\",\"inLanguage\":\"en-GB\",\"potentialAction\":[{\"@type\":\"ReadAction\",\"target\":[\"https:\\\/\\\/rikkevoldsgaard.dk\\\/personlig-coaching\\\/\"]}]},{\"@type\":\"WebSite\",\"@id\":\"https:\\\/\\\/rikkevoldsgaard.dk\\\/#website\",\"url\":\"https:\\\/\\\/rikkevoldsgaard.dk\\\/\",\"name\":\"Rikke Voldsgaard\",\"description\":\"\",\"publisher\":{\"@id\":\"https:\\\/\\\/rikkevoldsgaard.dk\\\/#organization\"},\"potentialAction\":[{\"@type\":\"SearchAction\",\"target\":{\"@type\":\"EntryPoint\",\"urlTemplate\":\"https:\\\/\\\/rikkevoldsgaard.dk\\\/?s={search_term_string}\"},\"query-input\":{\"@type\":\"PropertyValueSpecification\",\"valueRequired\":true,\"valueName\":\"search_term_string\"}}],\"inLanguage\":\"en-GB\"},{\"@type\":\"Organization\",\"@id\":\"https:\\\/\\\/rikkevoldsgaard.dk\\\/#organization\",\"name\":\"Rikke Voldsgaard\",\"url\":\"https:\\\/\\\/rikkevoldsgaard.dk\\\/\",\"logo\":{\"@type\":\"ImageObject\",\"inLanguage\":\"en-GB\",\"@id\":\"https:\\\/\\\/rikkevoldsgaard.dk\\\/#\\\/schema\\\/logo\\\/image\\\/\",\"url\":\"https:\\\/\\\/rikkevoldsgaard.dk\\\/wp-content\\\/uploads\\\/ny_Primaer-logo-hvid_web-e1730205615298.png\",\"contentUrl\":\"https:\\\/\\\/rikkevoldsgaard.dk\\\/wp-content\\\/uploads\\\/ny_Primaer-logo-hvid_web-e1730205615298.png\",\"width\":581,\"height\":170,\"caption\":\"Rikke Voldsgaard\"},\"image\":{\"@id\":\"https:\\\/\\\/rikkevoldsgaard.dk\\\/#\\\/schema\\\/logo\\\/image\\\/\"}}]}<\/script>\n<!-- \/ Yoast SEO plugin. -->","yoast_head_json":{"title":"Personlig coaching - Rikke Voldsgaard","robots":{"index":"index","follow":"follow","max-snippet":"max-snippet:-1","max-image-preview":"max-image-preview:large","max-video-preview":"max-video-preview:-1"},"canonical":"https:\/\/rikkevoldsgaard.dk\/en\/personlig-coaching\/","og_locale":"en_GB","og_type":"article","og_title":"Personlig coaching - Rikke Voldsgaard","og_description":"Hvad Personlig coaching &#8211; Lev det liv du dr\u00f8mmer om I et personligt coachingforl\u00f8b har vi fokus p\u00e5 de dybere personlige temaer. Vi arbejder med de forhold og situationer, der p\u00e5virker dig \u2013 b\u00e5de i dit privatliv og i dit arbejdsliv. Gennem denne coaching proces vil du kunne opleve en yderligere bevidstg\u00f8relse, hvor du kommer [&hellip;]","og_url":"https:\/\/rikkevoldsgaard.dk\/en\/personlig-coaching\/","og_site_name":"Rikke Voldsgaard","article_modified_time":"2025-01-14T14:11:33+00:00","twitter_card":"summary_large_image","twitter_misc":{"Estimated reading time":"3 minutes"},"schema":{"@context":"https:\/\/schema.org","@graph":[{"@type":"WebPage","@id":"https:\/\/rikkevoldsgaard.dk\/personlig-coaching\/","url":"https:\/\/rikkevoldsgaard.dk\/personlig-coaching\/","name":"Personlig coaching - Rikke Voldsgaard","isPartOf":{"@id":"https:\/\/rikkevoldsgaard.dk\/#website"},"datePublished":"2024-10-28T12:56:13+00:00","dateModified":"2025-01-14T14:11:33+00:00","inLanguage":"en-GB","potentialAction":[{"@type":"ReadAction","target":["https:\/\/rikkevoldsgaard.dk\/personlig-coaching\/"]}]},{"@type":"WebSite","@id":"https:\/\/rikkevoldsgaard.dk\/#website","url":"https:\/\/rikkevoldsgaard.dk\/","name":"Rikke Voldsgaard","description":"","publisher":{"@id":"https:\/\/rikkevoldsgaard.dk\/#organization"},"potentialAction":[{"@type":"SearchAction","target":{"@type":"EntryPoint","urlTemplate":"https:\/\/rikkevoldsgaard.dk\/?s={search_term_string}"},"query-input":{"@type":"PropertyValueSpecification","valueRequired":true,"valueName":"search_term_string"}}],"inLanguage":"en-GB"},{"@type":"Organization","@id":"https:\/\/rikkevoldsgaard.dk\/#organization","name":"Rikke Voldsgaard","url":"https:\/\/rikkevoldsgaard.dk\/","logo":{"@type":"ImageObject","inLanguage":"en-GB","@id":"https:\/\/rikkevoldsgaard.dk\/#\/schema\/logo\/image\/","url":"https:\/\/rikkevoldsgaard.dk\/wp-content\/uploads\/ny_Primaer-logo-hvid_web-e1730205615298.png","contentUrl":"https:\/\/rikkevoldsgaard.dk\/wp-content\/uploads\/ny_Primaer-logo-hvid_web-e1730205615298.png","width":581,"height":170,"caption":"Rikke Voldsgaard"},"image":{"@id":"https:\/\/rikkevoldsgaard.dk\/#\/schema\/logo\/image\/"}}]}},"_links":{"self":[{"href":"https:\/\/rikkevoldsgaard.dk\/en\/wp-json\/wp\/v2\/pages\/1558","targetHints":{"allow":["GET"]}}],"collection":[{"href":"https:\/\/rikkevoldsgaard.dk\/en\/wp-json\/wp\/v2\/pages"}],"about":[{"href":"https:\/\/rikkevoldsgaard.dk\/en\/wp-json\/wp\/v2\/types\/page"}],"author":[{"embeddable":true,"href":"https:\/\/rikkevoldsgaard.dk\/en\/wp-json\/wp\/v2\/users\/1"}],"replies":[{"embeddable":true,"href":"https:\/\/rikkevoldsgaard.dk\/en\/wp-json\/wp\/v2\/comments?post=1558"}],"version-history":[{"count":20,"href":"https:\/\/rikkevoldsgaard.dk\/en\/wp-json\/wp\/v2\/pages\/1558\/revisions"}],"predecessor-version":[{"id":2495,"href":"https:\/\/rikkevoldsgaard.dk\/en\/wp-json\/wp\/v2\/pages\/1558\/revisions\/2495"}],"wp:attachment":[{"href":"https:\/\/rikkevoldsgaard.dk\/en\/wp-json\/wp\/v2\/media?parent=1558"}],"curies":[{"name":"wp","href":"https:\/\/api.w.org\/{rel}","templated":true}]}}